{"id":539,"date":"2023-09-28T14:08:38","date_gmt":"2023-09-28T18:08:38","guid":{"rendered":"https:\/\/utopiaresourcecenter.org\/dons\/"},"modified":"2023-10-09T14:45:36","modified_gmt":"2023-10-09T18:45:36","slug":"dons","status":"publish","type":"page","link":"https:\/\/utopiaresourcecenter.org\/fr\/dons\/","title":{"rendered":"Dons"},"content":{"rendered":"<section class=\"wpb-content-wrapper\"><p>[vc_row section_type=\u00a0\u00bbfullwidth\u00a0\u00bb padding_top_multiplier=\u00a0\u00bb\u00a0\u00bb padding_bottom_multiplier=\u00a0\u00bb\u00a0\u00bb scroll_header_skin=\u00a0\u00bblight\u00a0\u00bb][vc_column width=\u00a0\u00bb1\/3&Prime; full_height=\u00a0\u00bbyes\u00a0\u00bb tablet_sm_width=\u00a0\u00bb1-2&Prime;][vc_row_inner height_ratio=\u00a0\u00bb100&Prime;][vc_column_inner rc_bg_type=\u00a0\u00bbimage\u00a0\u00bb rc_bg_image=\u00a0\u00bb359&Prime; animation=\u00a0\u00bbclipping\u00a0\u00bb clipping_animation=\u00a0\u00bbcolored-clipping-left\u00a0\u00bb clipping_animation_colors=\u00a0\u00bbprimary-4&Prime; grve_css=\u00a0\u00bb{\u00ab\u00a0desktop\u00ab\u00a0:{\u00ab\u00a0padding-top\u00ab\u00a0:\u00ab\u00a075%\u00ab\u00a0,\u00ab\u00a0class\u00ab\u00a0:\u00ab\u00a0grve-wpb-1695925572269\u00ab\u00a0}}\u00a0\u00bb][\/vc_column_inner][vc_column_inner grve_css=\u00a0\u00bb{\u00ab\u00a0desktop\u00ab\u00a0:{\u00ab\u00a0padding-top\u00ab\u00a0:\u00ab\u00a012%\u00ab\u00a0,\u00ab\u00a0padding-right\u00ab\u00a0:\u00ab\u00a012%\u00ab\u00a0,\u00ab\u00a0padding-bottom\u00ab\u00a0:\u00ab\u00a012%\u00ab\u00a0,\u00ab\u00a0padding-left\u00ab\u00a0:\u00ab\u00a012%\u00ab\u00a0,\u00ab\u00a0class\u00ab\u00a0:\u00ab\u00a0grve-wpb-1695132302598\u00ab\u00a0}}\u00a0\u00bb]<h3 class=\"grve-element grve-title grve-align-inherit grve-h3 grve-text-primary-2\" style=\"margin-bottom: 18px;\"><span>Votre aide est importante.<\/span><\/h3>[vc_column_text css=\u00a0\u00bb.vc_custom_1695924973810{padding-bottom: 40px !important;}\u00a0\u00bb]Chaque dollar compte. Chaque don contribue \u00e0 renforcer notre travail dans le domaine de l&rsquo;intervention aupr\u00e8s de la petite enfance. Votre contribution financi\u00e8re est un investissement dans la fourniture de services essentiels aux communaut\u00e9s mal desservies.[\/vc_column_text]<div class=\"grve-empty-space grve-height-1x\"><\/div><div class=\"grve-element grve-align-inherit\"><a href=\"https:\/\/utopiaresourcecenter.org\/fr\/a-propos-de\/\" class=\"grve-btn grve-square grve-bg-primary-5 grve-border-primary-5 grve-bg-hover-primary-5 grve-border-hover-primary-5 grve-text-white grve-text-hover-white grve-btn-small grve-with-svg-icon-arrow-2\">\r\n\t\t<div class=\"grve-btn-inner\">\r\n\t\t<span>Faire un don<\/span>\r\n\t\t\t\t\t\t\t<div class=\"grve-btn-svg-icon\">\r\n\t\t\t\t\t\t\t<svg width=\"40px\" height=\"16px\" viewBox=\"0 0 40 16\">\r\n\t\t\t\t\t<polygon class=\"grve-arrow-line\" points=\"0 7 38 7 38 9 0 9\"><\/polygon>\r\n\t\t\t\t\t<polygon class=\"grve-arrow-point\" points=\"31.3481912 0 40 8 31.3481912 16 30 14.5816219 37.1 8 30 1.41837809\"><\/polygon>\r\n\t\t\t\t<\/svg>\r\n\t\t\t\t\t\t\t\t<\/div>\r\n\t\t\t\t\t<\/div>\r\n\t<\/a><\/div>[\/vc_column_inner][\/vc_row_inner][\/vc_column][vc_column width=\u00a0\u00bb2\/3&Prime; full_height=\u00a0\u00bbyes\u00a0\u00bb rc_bg_type=\u00a0\u00bbimage\u00a0\u00bb rc_bg_image=\u00a0\u00bb361&Prime; animation=\u00a0\u00bbclipping\u00a0\u00bb clipping_animation=\u00a0\u00bbcolored-clipping-up\u00a0\u00bb clipping_animation_colors=\u00a0\u00bbprimary-3&Prime; tablet_sm_width=\u00a0\u00bb1-2&Prime; grve_css=\u00a0\u00bb{\u00ab\u00a0desktop\u00ab\u00a0:{\u00ab\u00a0padding-top\u00ab\u00a0:\u00ab\u00a075%\u00ab\u00a0,\u00ab\u00a0class\u00ab\u00a0:\u00ab\u00a0grve-wpb-1695925701346\u00ab\u00a0}}\u00a0\u00bb][\/vc_column][\/vc_row][vc_row section_type=\u00a0\u00bbfullwidth\u00a0\u00bb height_ratio=\u00a0\u00bb50&Prime; padding_top_multiplier=\u00a0\u00bb\u00a0\u00bb padding_bottom_multiplier=\u00a0\u00bb\u00a0\u00bb rc_heading_color=\u00a0\u00bbwhite\u00a0\u00bb equal_column_height=\u00a0\u00bbequal\u00a0\u00bb rc_font_color=\u00a0\u00bb#ffffff\u00a0\u00bb][vc_column width=\u00a0\u00bb1\/3&Prime; vertical_content_position=\u00a0\u00bbmiddle\u00a0\u00bb rc_bg_type=\u00a0\u00bbcolor\u00a0\u00bb hover_animation=\u00a0\u00bbmagnetism\u00a0\u00bb rc_bg_color=\u00a0\u00bb#f14c71&Prime; grve_css=\u00a0\u00bb{\u00ab\u00a0desktop\u00ab\u00a0:{\u00ab\u00a0padding-top\u00ab\u00a0:\u00ab\u00a010%\u00ab\u00a0,\u00ab\u00a0padding-right\u00ab\u00a0:\u00ab\u00a015%\u00ab\u00a0,\u00ab\u00a0padding-bottom\u00ab\u00a0:\u00ab\u00a010%\u00ab\u00a0,\u00ab\u00a0padding-left\u00ab\u00a0:\u00ab\u00a015%\u00ab\u00a0,\u00ab\u00a0class\u00ab\u00a0:\u00ab\u00a0grve-wpb-1695925366260\u00ab\u00a0}}\u00a0\u00bb]<div data-animation=\"fade-in-up\" data-delay=\"200\" data-duration=\"normal\" class=\"grve-element grve-counter grve-align-inherit grve-animated-item\" style=\"margin-bottom: 18px;\"><div class=\"grve-counter-content\"><div class=\"grve-counter-item grve-h1 grve-text-white\"><span data-thousands-separator-vis=\"\" data-thousands-separator=\",\" data-prefix=\"\" data-suffix=\"%\" data-start-val=\"0\" data-end-val=\"51\" data-decimal-points=\"0\" data-decimal-separator=\".\" >0<\/span><\/div><h3 class=\"grve-counter-title grve-leader-text\"><strong>des Am\u00e9ricains<\/strong> vivent dans des d\u00e9serts en mati\u00e8re de garde d'enfants.<\/h3><\/div><\/div>[\/vc_column][vc_column width=\u00a0\u00bb1\/3&Prime; vertical_content_position=\u00a0\u00bbmiddle\u00a0\u00bb rc_bg_type=\u00a0\u00bbcolor\u00a0\u00bb hover_animation=\u00a0\u00bbmagnetism\u00a0\u00bb rc_bg_color=\u00a0\u00bb#3791e7&Prime; grve_css=\u00a0\u00bb{\u00ab\u00a0desktop\u00ab\u00a0:{\u00ab\u00a0padding-top\u00ab\u00a0:\u00ab\u00a010%\u00ab\u00a0,\u00ab\u00a0padding-right\u00ab\u00a0:\u00ab\u00a015%\u00ab\u00a0,\u00ab\u00a0padding-bottom\u00ab\u00a0:\u00ab\u00a010%\u00ab\u00a0,\u00ab\u00a0padding-left\u00ab\u00a0:\u00ab\u00a015%\u00ab\u00a0,\u00ab\u00a0class\u00ab\u00a0:\u00ab\u00a0grve-wpb-1695925371475\u00ab\u00a0}}\u00a0\u00bb]<div data-animation=\"fade-in-up\" data-delay=\"200\" data-duration=\"normal\" class=\"grve-element grve-counter grve-align-inherit grve-animated-item\" style=\"margin-bottom: 18px;\"><div class=\"grve-counter-content\"><div class=\"grve-counter-item grve-h1 grve-text-white\"><span data-thousands-separator-vis=\"\" data-thousands-separator=\",\" data-prefix=\"\" data-suffix=\"%\" data-start-val=\"0\" data-end-val=\"57\" data-decimal-points=\"0\" data-decimal-separator=\".\" >0<\/span><\/div><h3 class=\"grve-counter-title grve-leader-text\"><strong>des familles<\/strong> ont d\u00e9pens\u00e9 plus de 10 000 euros pour la garde de leurs enfants.<\/h3><\/div><\/div>[\/vc_column][vc_column width=\u00a0\u00bb1\/3&Prime; vertical_content_position=\u00a0\u00bbmiddle\u00a0\u00bb rc_bg_type=\u00a0\u00bbcolor\u00a0\u00bb hover_animation=\u00a0\u00bbmagnetism\u00a0\u00bb rc_bg_color=\u00a0\u00bb#45dd3e\u00a0\u00bb grve_css=\u00a0\u00bb{\u00ab\u00a0desktop\u00ab\u00a0:{\u00ab\u00a0padding-top\u00ab\u00a0:\u00ab\u00a010%\u00ab\u00a0,\u00ab\u00a0padding-right\u00ab\u00a0:\u00ab\u00a015%\u00ab\u00a0,\u00ab\u00a0padding-bottom\u00ab\u00a0:\u00ab\u00a010%\u00ab\u00a0,\u00ab\u00a0padding-left\u00ab\u00a0:\u00ab\u00a015%\u00ab\u00a0,\u00ab\u00a0class\u00ab\u00a0:\u00ab\u00a0grve-wpb-1695925380908\u00ab\u00a0}}\u00a0\u00bb]<div data-animation=\"fade-in-up\" data-delay=\"200\" data-duration=\"normal\" class=\"grve-element grve-counter grve-align-inherit grve-animated-item\" style=\"margin-bottom: 18px;\"><div class=\"grve-counter-content\"><div class=\"grve-counter-item grve-h1 grve-text-white\"><span data-thousands-separator-vis=\"\" data-thousands-separator=\",\" data-prefix=\"$\" data-suffix=\"\" data-start-val=\"0\" data-end-val=\"340\" data-decimal-points=\"0\" data-decimal-separator=\".\" >0<\/span><\/div><h3 class=\"grve-counter-title grve-leader-text\"><strong>par semaine<\/strong> pour envoyer un enfant \u00e0 la garderie.<\/h3><\/div><\/div>[\/vc_column][\/vc_row][vc_row padding_top_multiplier=\u00a0\u00bb\u00a0\u00bb padding_bottom_multiplier=\u00a0\u00bb3x\u00a0\u00bb rc_heading_color=\u00a0\u00bbprimary-4&Prime; rc_font_color=\u00a0\u00bb#000000&Prime;][vc_column width=\u00a0\u00bb1\/6&Prime;][\/vc_column][vc_column width=\u00a0\u00bb2\/3&Prime; rc_heading_color=\u00a0\u00bbprimary-4&Prime; grve_css=\u00a0\u00bb{\u00ab\u00a0desktop\u00ab\u00a0:{\u00ab\u00a0padding-top\u00ab\u00a0:\u00ab\u00a018%\u00ab\u00a0,\u00ab\u00a0padding-bottom\u00ab\u00a0:\u00ab\u00a014%\u00ab\u00a0,\u00ab\u00a0class\u00ab\u00a0:\u00ab\u00a0grve-wpb-1695925176633\u00ab\u00a0}}\u00a0\u00bb rc_font_color=\u00a0\u00bb#000000&Prime;]<div class=\"grve-empty-space grve-height-3x\"><\/div><h3 class=\"grve-element grve-title grve-align-center grve-h3 grve-text-primary-4\" style=\"margin-bottom: 30px;\"><span>Appel \u00e0 l&rsquo;action sur la n\u00e9cessit\u00e9 d&rsquo;une intervention pr\u00e9coce aupr\u00e8s des enfants<\/span><\/h3>[vc_row_inner][vc_column_inner tablet_sm_width=\u00a0\u00bb2-3&Prime; rc_font_color=\u00a0\u00bb#000000&Prime;][vc_column_text text_style=\u00a0\u00bbleader-text\u00a0\u00bb animation_delay=\u00a0\u00bb300&Prime;]<\/p>\n<p style=\"text-align: center;\">L&rsquo;intervention dans la petite enfance est une composante essentielle du d\u00e9veloppement global des jeunes enfants. Elle joue un r\u00f4le essentiel en veillant \u00e0 ce que les enfants b\u00e9n\u00e9ficient du soutien, des ressources et de l&rsquo;assistance dont ils ont besoin pour s&rsquo;\u00e9panouir et atteindre leur plein potentiel. Ce site web vise \u00e0 fournir une vue d&rsquo;ensemble de la n\u00e9cessit\u00e9 d&rsquo;une intervention pr\u00e9coce, des avantages qu&rsquo;elle procure, des conditions de sa mise en \u0153uvre et de la mani\u00e8re de surmonter les difficult\u00e9s qui entravent souvent son efficacit\u00e9.<\/p>\n<p>[\/vc_column_text][\/vc_column_inner][\/vc_row_inner]<div class=\"grve-empty-space grve-height-1x\"><\/div><div class=\"grve-element grve-align-center\"><a href=\"https:\/\/utopiaresourcecenter.org\/fr\/a-propos-de\/\" class=\"grve-btn grve-square grve-bg-primary-1 grve-border-primary-1 grve-bg-hover-primary-1 grve-border-hover-primary-1 grve-text-white grve-text-hover-white grve-btn-medium grve-with-svg-icon-arrow-2\">\r\n\t\t<div class=\"grve-btn-inner\">\r\n\t\t<span>Agir<\/span>\r\n\t\t\t\t\t\t\t<div class=\"grve-btn-svg-icon\">\r\n\t\t\t\t\t\t\t<svg width=\"40px\" height=\"16px\" viewBox=\"0 0 40 16\">\r\n\t\t\t\t\t<polygon class=\"grve-arrow-line\" points=\"0 7 38 7 38 9 0 9\"><\/polygon>\r\n\t\t\t\t\t<polygon class=\"grve-arrow-point\" points=\"31.3481912 0 40 8 31.3481912 16 30 14.5816219 37.1 8 30 1.41837809\"><\/polygon>\r\n\t\t\t\t<\/svg>\r\n\t\t\t\t\t\t\t\t<\/div>\r\n\t\t\t\t\t<\/div>\r\n\t<\/a><\/div><div class=\"grve-empty-space grve-height-3x\"><\/div>[\/vc_column][vc_column width=\u00a0\u00bb1\/6&Prime;][\/vc_column][\/vc_row]<\/p>\n<\/section>","protected":false},"excerpt":{"rendered":"<p>[vc_row section_type=\u00a0\u00bbfullwidth\u00a0\u00bb padding_top_multiplier=\u00a0\u00bb\u00a0\u00bb padding_bottom_multiplier=\u00a0\u00bb\u00a0\u00bb scroll_header_skin=\u00a0\u00bblight\u00a0\u00bb][vc_column width=\u00a0\u00bb1\/3&Prime; full_height=\u00a0\u00bbyes\u00a0\u00bb tablet_sm_width=\u00a0\u00bb1-2&Prime;][vc_row_inner height_ratio=\u00a0\u00bb100&Prime;][vc_column_inner rc_bg_type=\u00a0\u00bbimage\u00a0\u00bb rc_bg_image=\u00a0\u00bb359&Prime; animation=\u00a0\u00bbclipping\u00a0\u00bb clipping_animation=\u00a0\u00bbcolored-clipping-left\u00a0\u00bb clipping_animation_colors=\u00a0\u00bbprimary-4&Prime; grve_css=\u00a0\u00bb{\u00ab\u00a0desktop\u00ab\u00a0:{\u00ab\u00a0padding-top\u00ab\u00a0:\u00ab\u00a075%\u00ab\u00a0,\u00ab\u00a0class\u00ab\u00a0:\u00ab\u00a0grve-wpb-1695925572269\u00ab\u00a0}}\u00a0\u00bb][\/vc_column_inner][vc_column_inner grve_css=\u00a0\u00bb{\u00ab\u00a0desktop\u00ab\u00a0:{\u00ab\u00a0padding-top\u00ab\u00a0:\u00ab\u00a012%\u00ab\u00a0,\u00ab\u00a0padding-right\u00ab\u00a0:\u00ab\u00a012%\u00ab\u00a0,\u00ab\u00a0padding-bottom\u00ab\u00a0:\u00ab\u00a012%\u00ab\u00a0,\u00ab\u00a0padding-left\u00ab\u00a0:\u00ab\u00a012%\u00ab\u00a0,\u00ab\u00a0class\u00ab\u00a0:\u00ab\u00a0grve-wpb-1695132302598\u00ab\u00a0}}\u00a0\u00bb][vc_column_text css=\u00a0\u00bb.vc_custom_1695924973810{padding-bottom: 40px !important;}\u00a0\u00bb]Chaque dollar compte. Chaque don contribue \u00e0 renforcer notre travail dans le [&hellip;]<\/p>\n","protected":false},"author":1,"featured_media":0,"parent":0,"menu_order":0,"comment_status":"closed","ping_status":"closed","template":"","meta":{"footnotes":""},"class_list":["post-539","page","type-page","status-publish","hentry","grve-entry-item"],"_links":{"self":[{"href":"https:\/\/utopiaresourcecenter.org\/fr\/wp-json\/wp\/v2\/pages\/539","targetHints":{"allow":["GET"]}}],"collection":[{"href":"https:\/\/utopiaresourcecenter.org\/fr\/wp-json\/wp\/v2\/pages"}],"about":[{"href":"https:\/\/utopiaresourcecenter.org\/fr\/wp-json\/wp\/v2\/types\/page"}],"author":[{"embeddable":true,"href":"https:\/\/utopiaresourcecenter.org\/fr\/wp-json\/wp\/v2\/users\/1"}],"replies":[{"embeddable":true,"href":"https:\/\/utopiaresourcecenter.org\/fr\/wp-json\/wp\/v2\/comments?post=539"}],"version-history":[{"count":9,"href":"https:\/\/utopiaresourcecenter.org\/fr\/wp-json\/wp\/v2\/pages\/539\/revisions"}],"predecessor-version":[{"id":666,"href":"https:\/\/utopiaresourcecenter.org\/fr\/wp-json\/wp\/v2\/pages\/539\/revisions\/666"}],"wp:attachment":[{"href":"https:\/\/utopiaresourcecenter.org\/fr\/wp-json\/wp\/v2\/media?parent=539"}],"curies":[{"name":"wp","href":"https:\/\/api.w.org\/{rel}","templated":true}]}}