{"id":530,"date":"2023-09-21T11:42:12","date_gmt":"2023-09-21T15:42:12","guid":{"rendered":"https:\/\/utopiaresourcecenter.org\/reseau-de-garde-denfants-en-milieu-familial-de-morrisanie-et-dutopie\/"},"modified":"2023-10-12T16:55:29","modified_gmt":"2023-10-12T20:55:29","slug":"reseau-de-garde-denfants-en-milieu-familial-de-morrisanie-et-dutopie","status":"publish","type":"page","link":"https:\/\/utopiaresourcecenter.org\/fr\/reseau-de-garde-denfants-en-milieu-familial-de-morrisanie-et-dutopie\/","title":{"rendered":"R\u00e9seau de garde d&rsquo;enfants en milieu familial de Morrisanie et d&rsquo;Utopie"},"content":{"rendered":"<section class=\"wpb-content-wrapper\"><p>[vc_row section_type=\u00a0\u00bbfullwidth\u00a0\u00bb padding_top_multiplier=\u00a0\u00bb\u00a0\u00bb padding_bottom_multiplier=\u00a0\u00bb\u00a0\u00bb scroll_header_skin=\u00a0\u00bblight\u00a0\u00bb][vc_column width=\u00a0\u00bb1\/3&Prime; full_height=\u00a0\u00bbyes\u00a0\u00bb tablet_sm_width=\u00a0\u00bb1-2&Prime;][vc_row_inner height_ratio=\u00a0\u00bb100&Prime;][vc_column_inner rc_bg_type=\u00a0\u00bbimage\u00a0\u00bb rc_bg_image=\u00a0\u00bb211&Prime; animation=\u00a0\u00bbclipping\u00a0\u00bb clipping_animation=\u00a0\u00bbcolored-clipping-left\u00a0\u00bb clipping_animation_colors=\u00a0\u00bbprimary-4&Prime; grve_css=\u00a0\u00bb{\u00ab\u00a0desktop\u00ab\u00a0:{\u00ab\u00a0padding-top\u00ab\u00a0:\u00ab\u00a075%\u00ab\u00a0,\u00ab\u00a0class\u00ab\u00a0:\u00ab\u00a0grve-wpb-1695311509709\u00ab\u00a0}}\u00a0\u00bb][\/vc_column_inner][vc_column_inner grve_css=\u00a0\u00bb{\u00ab\u00a0desktop\u00ab\u00a0:{\u00ab\u00a0padding-top\u00ab\u00a0:\u00ab\u00a012%\u00ab\u00a0,\u00ab\u00a0padding-right\u00ab\u00a0:\u00ab\u00a012%\u00ab\u00a0,\u00ab\u00a0padding-bottom\u00ab\u00a0:\u00ab\u00a012%\u00ab\u00a0,\u00ab\u00a0padding-left\u00ab\u00a0:\u00ab\u00a012%\u00ab\u00a0,\u00ab\u00a0class\u00ab\u00a0:\u00ab\u00a0grve-wpb-1695132302598\u00ab\u00a0}}\u00a0\u00bb]<h3 class=\"grve-element grve-title grve-align-inherit grve-h3 grve-text-primary-2\" style=\"margin-bottom: 18px;\"><span>R\u00e9seau de garde d&rsquo;enfants en milieu familial de Morrisanie et d&rsquo;Utopie<\/span><\/h3>[vc_column_text css=\u00a0\u00bb.vc_custom_1695311435110{padding-bottom: 40px !important;}\u00a0\u00bb]Le r\u00e9seau de garde d&rsquo;enfants Morrisania\/Utopia Family a \u00e9tabli un partenariat pr\u00e9cieux avec le minist\u00e8re de l&rsquo;\u00e9ducation. Cette collaboration vise \u00e0 r\u00e9pondre aux besoins des familles qui sont \u00e0 la recherche de services de garde d&rsquo;enfants de haute qualit\u00e9 pour leurs nourrissons, leurs enfants en bas \u00e2ge et leurs enfants inscrits au programme 3-K. L&rsquo;aspect unique de ces services est qu&rsquo;ils sont fournis dans un cadre familial, garantissant un environnement confortable et familier pour les enfants.[\/vc_column_text][\/vc_column_inner][\/vc_row_inner][\/vc_column][vc_column width=\u00a0\u00bb2\/3&Prime; full_height=\u00a0\u00bbyes\u00a0\u00bb rc_bg_type=\u00a0\u00bbimage\u00a0\u00bb rc_bg_image=\u00a0\u00bb207&Prime; animation=\u00a0\u00bbclipping\u00a0\u00bb clipping_animation=\u00a0\u00bbcolored-clipping-up\u00a0\u00bb clipping_animation_colors=\u00a0\u00bbprimary-3&Prime; tablet_sm_width=\u00a0\u00bb1-2&Prime; grve_css=\u00a0\u00bb{\u00ab\u00a0desktop\u00ab\u00a0:{\u00ab\u00a0padding-top\u00ab\u00a0:\u00ab\u00a075%\u00ab\u00a0,\u00ab\u00a0class\u00ab\u00a0:\u00ab\u00a0grve-wpb-1695311336061\u00ab\u00a0}}\u00a0\u00bb][\/vc_column][\/vc_row][vc_row padding_top_multiplier=\u00a0\u00bb\u00a0\u00bb padding_bottom_multiplier=\u00a0\u00bb3x\u00a0\u00bb rc_bg_type=\u00a0\u00bbcolor\u00a0\u00bb rc_bg_color=\u00a0\u00bb#f14c71&Prime;][vc_column width=\u00a0\u00bb1\/6&Prime;][\/vc_column][vc_column width=\u00a0\u00bb2\/3&Prime; grve_css=\u00a0\u00bb{\u00ab\u00a0desktop\u00ab\u00a0:{\u00ab\u00a0padding-top\u00ab\u00a0:\u00ab\u00a018%\u00ab\u00a0,\u00ab\u00a0padding-bottom\u00ab\u00a0:\u00ab\u00a014%\u00ab\u00a0,\u00ab\u00a0class\u00ab\u00a0:\u00ab\u00a0grve-wpb-1695131216211\u00ab\u00a0}}\u00a0\u00bb]<h3 class=\"grve-element grve-title grve-align-inherit grve-h3 grve-text-white\" style=\"margin-bottom: 30px;\"><span>Les services sont fournis dans le cadre d&rsquo;un foyer nourricier, garantissant un environnement confortable et familier aux enfants.<\/span><\/h3>[vc_row_inner][vc_column_inner tablet_sm_width=\u00a0\u00bb2-3&Prime; rc_font_color=\u00a0\u00bb#ffffff\u00a0\u00bb][vc_column_text animation_delay=\u00a0\u00bb300&Prime;]Afin de maintenir les normes de soins les plus \u00e9lev\u00e9es, tous les prestataires de services de garde d&rsquo;enfants au sein de ce r\u00e9seau sont des professionnels agr\u00e9\u00e9s et qualifi\u00e9s. Ils suivent une formation et un accompagnement rigoureux dans divers domaines, notamment l&rsquo;\u00e9laboration de programmes d&rsquo;\u00e9tudes, les protocoles de s\u00e9curit\u00e9 et les lignes directrices en mati\u00e8re d&rsquo;alimentation et de nutrition. Cette pr\u00e9paration compl\u00e8te leur permet d&rsquo;acqu\u00e9rir les comp\u00e9tences et les connaissances n\u00e9cessaires pour offrir les meilleurs soins aux enfants qui leur sont confi\u00e9s.<\/p>\n<p>Les parents int\u00e9ress\u00e9s par ce programme sont encourag\u00e9s \u00e0 soumettre leur candidature pour que leurs enfants soient plac\u00e9s dans ces structures d&rsquo;accueil \u00e0 domicile. Les familles peuvent ainsi b\u00e9n\u00e9ficier de la commodit\u00e9 et de l&rsquo;attention personnalis\u00e9e qu&rsquo;offrent ces prestataires. Cet arrangement permet aux parents d&rsquo;avoir l&rsquo;esprit tranquille, sachant que leurs enfants sont entre les mains de professionnels qualifi\u00e9s qui accordent la priorit\u00e9 \u00e0 leur s\u00e9curit\u00e9, \u00e0 leur bien-\u00eatre et \u00e0 leur \u00e9ducation pr\u00e9coce.[\/vc_column_text][\/vc_column_inner][\/vc_row_inner][\/vc_column][vc_column width=\u00a0\u00bb1\/6&Prime;][\/vc_column][\/vc_row][vc_row height_ratio=\u00a0\u00bb60&Prime; padding_top_multiplier=\u00a0\u00bb\u00a0\u00bb padding_bottom_multiplier=\u00a0\u00bb\u00a0\u00bb rc_bg_type=\u00a0\u00bbimage\u00a0\u00bb rc_bg_image=\u00a0\u00bb214&Prime; rc_bg_image_type=\u00a0\u00bbfixed\u00a0\u00bb][vc_column full_height=\u00a0\u00bbyes\u00a0\u00bb][\/vc_column][\/vc_row][vc_row padding_top_multiplier=\u00a0\u00bb\u00a0\u00bb padding_bottom_multiplier=\u00a0\u00bb\u00a0\u00bb desktop_visibility=\u00a0\u00bbhide\u00a0\u00bb tablet_visibility=\u00a0\u00bbhide\u00a0\u00bb tablet_sm_visibility=\u00a0\u00bbhide\u00a0\u00bb mobile_visibility=\u00a0\u00bbhide\u00a0\u00bb][vc_column grve_css=\u00a0\u00bb{\u00ab\u00a0desktop\u00ab\u00a0:{\u00ab\u00a0margin-top\u00ab\u00a0:\u00ab\u00a0-14%\u00ab\u00a0,\u00ab\u00a0class\u00ab\u00a0:\u00ab\u00a0grve-wpb-1599199444770\u00ab\u00a0}}\u00a0\u00bb][vc_row_inner equal_column_height=\u00a0\u00bbequal\u00a0\u00bb][vc_column_inner width=\u00a0\u00bb1\/3&Prime;]<div data-clipping-color=\"primary-3\" data-animation=\"colored-clipping-up\" data-delay=\"200\" data-duration=\"normal\" class=\"grve-element grve-image grve-align-center grve-clipping-animation grve-advanced-animation grve-colored-clipping grve-animated-item grve-image-space-100 grve-image-expand-width\">\r\n\t<div class=\"grve-image-item\">\r\n\t\t\r\n\r\n<div class=\"grve-image-wrapper grve-no-effect\">\r\n\t\t<div class=\"grve-thumbnail-wrapper\"><div class=\"grve-thumbnail\"  style=\"padding-top: 133.393%;\"><img fetchpriority=\"high\" decoding=\"async\" width=\"560\" height=\"747\" src=\"https:\/\/utopiaresourcecenter.org\/wp-content\/uploads\/2023\/09\/teacher-UTOPIA-Resource-Center-Greater-NY-INC.jpg\" class=\"attachment-full size-full\" alt=\"\" data-column-space=\"100\" data-lazyload=\"\" data-grve-filter=\"yes\" srcset=\"https:\/\/utopiaresourcecenter.org\/wp-content\/uploads\/2023\/09\/teacher-UTOPIA-Resource-Center-Greater-NY-INC.jpg 560w, https:\/\/utopiaresourcecenter.org\/wp-content\/uploads\/2023\/09\/teacher-UTOPIA-Resource-Center-Greater-NY-INC-225x300.jpg 225w\" sizes=\"(max-width: 560px) 100vw, 560px\" \/><\/div><\/div>\t<\/div>\r\n\t<\/div>\r\n<\/div>\r\n[\/vc_column_inner][vc_column_inner width=\u00a0\u00bb2\/3&Prime;]<div data-clipping-color=\"primary-5\" data-animation=\"colored-clipping-up\" data-delay=\"400\" data-duration=\"normal\" class=\"grve-element grve-image grve-align-center grve-clipping-animation grve-advanced-animation grve-colored-clipping grve-animated-item grve-image-space-100 grve-image-expand-width\">\r\n\t<div class=\"grve-image-item\">\r\n\t\t\r\n\r\n<div class=\"grve-image-wrapper grve-no-effect\">\r\n\t\t<div class=\"grve-thumbnail-wrapper\"><div class=\"grve-thumbnail\"  style=\"padding-top: 66.637%;\"><img decoding=\"async\" width=\"1121\" height=\"747\" src=\"https:\/\/utopiaresourcecenter.org\/wp-content\/uploads\/2023\/09\/home4-small-UTOPIA-Resource-Center-Greater-NY-INC.-2.jpg\" class=\"attachment-full size-full\" alt=\"\" data-column-space=\"100\" data-lazyload=\"\" data-grve-filter=\"yes\" srcset=\"https:\/\/utopiaresourcecenter.org\/wp-content\/uploads\/2023\/09\/home4-small-UTOPIA-Resource-Center-Greater-NY-INC.-2.jpg 1121w, https:\/\/utopiaresourcecenter.org\/wp-content\/uploads\/2023\/09\/home4-small-UTOPIA-Resource-Center-Greater-NY-INC.-2-300x200.jpg 300w, https:\/\/utopiaresourcecenter.org\/wp-content\/uploads\/2023\/09\/home4-small-UTOPIA-Resource-Center-Greater-NY-INC.-2-1024x682.jpg 1024w, https:\/\/utopiaresourcecenter.org\/wp-content\/uploads\/2023\/09\/home4-small-UTOPIA-Resource-Center-Greater-NY-INC.-2-768x512.jpg 768w\" sizes=\"(max-width: 1121px) 100vw, 1121px\" \/><\/div><\/div>\t<\/div>\r\n\t<\/div>\r\n<\/div>\r\n[\/vc_column_inner][\/vc_row_inner][\/vc_column][\/vc_row][vc_row padding_top_multiplier=\u00a0\u00bbcustom\u00a0\u00bb padding_bottom_multiplier=\u00a0\u00bb4x\u00a0\u00bb padding_top=\u00a0\u00bb13%\u00a0\u00bb][vc_column width=\u00a0\u00bb1\/2&Prime;]<div data-clipping-color=\"primary-2\" data-animation=\"colored-clipping-left\" data-delay=\"0\" data-duration=\"normal\" class=\"grve-element grve-image grve-align-center grve-clipping-animation grve-advanced-animation grve-colored-clipping grve-animated-item grve-image-space-100 grve-image-expand-width\">\r\n\t<div class=\"grve-image-item\">\r\n\t\t\r\n\r\n<div class=\"grve-image-wrapper grve-no-effect\">\r\n\t\t<div class=\"grve-thumbnail-wrapper\"><div class=\"grve-thumbnail\"  style=\"padding-top: 66.797%;\"><img decoding=\"async\" width=\"768\" height=\"513\" src=\"https:\/\/utopiaresourcecenter.org\/wp-content\/uploads\/2023\/09\/Morrisania-and-Utopia-Family-Child-Care-Network-5-768x513.jpeg\" class=\"attachment-medium_large size-medium_large\" alt=\"\" data-column-space=\"100\" data-lazyload=\"\" data-grve-filter=\"yes\" srcset=\"https:\/\/utopiaresourcecenter.org\/wp-content\/uploads\/2023\/09\/Morrisania-and-Utopia-Family-Child-Care-Network-5-768x513.jpeg 768w, https:\/\/utopiaresourcecenter.org\/wp-content\/uploads\/2023\/09\/Morrisania-and-Utopia-Family-Child-Care-Network-5-300x200.jpeg 300w, https:\/\/utopiaresourcecenter.org\/wp-content\/uploads\/2023\/09\/Morrisania-and-Utopia-Family-Child-Care-Network-5-1024x684.jpeg 1024w, https:\/\/utopiaresourcecenter.org\/wp-content\/uploads\/2023\/09\/Morrisania-and-Utopia-Family-Child-Care-Network-5-1536x1026.jpeg 1536w, https:\/\/utopiaresourcecenter.org\/wp-content\/uploads\/2023\/09\/Morrisania-and-Utopia-Family-Child-Care-Network-5-1920x1282.jpeg 1920w\" sizes=\"(max-width: 768px) 100vw, 768px\" \/><\/div><\/div>\t<\/div>\r\n\t<\/div>\r\n<\/div>\r\n[\/vc_column][vc_column width=\u00a0\u00bb1\/2&Prime; content_width=\u00a0\u00bbcustom\u00a0\u00bb horizontal_content_position=\u00a0\u00bbcenter\u00a0\u00bb vertical_content_position=\u00a0\u00bbmiddle\u00a0\u00bb rc_heading_color=\u00a0\u00bbblack\u00a0\u00bb custom_content_width=\u00a0\u00bb470&Prime;]<h5 class=\"grve-element grve-title grve-align-inherit grve-h5\"><span>La collaboration entre le r\u00e9seau de garde d&rsquo;enfants Morrisania\/Utopia Family et le minist\u00e8re de l&rsquo;\u00e9ducation t\u00e9moigne de leur engagement commun \u00e0 am\u00e9liorer le d\u00e9veloppement de la petite enfance et les possibilit\u00e9s d&rsquo;\u00e9ducation offertes aux familles de la communaut\u00e9. En offrant un environnement de garde d&rsquo;enfants favorable et r\u00e9glement\u00e9, ce partenariat vise \u00e0 donner aux enfants une base solide pour leur r\u00e9ussite future.<\/span><\/h5>[\/vc_column][vc_column mobile_width=\u00a0\u00bbhide\u00a0\u00bb]<div class=\"grve-empty-space grve-height-1x\"><\/div>[\/vc_column][vc_column width=\u00a0\u00bb1\/4&Prime;][\/vc_column][vc_column width=\u00a0\u00bb1\/3&Prime;]<div data-clipping-color=\"primary-3\" data-animation=\"colored-clipping-left\" data-delay=\"0\" data-duration=\"normal\" class=\"grve-element grve-image grve-align-center grve-clipping-animation grve-advanced-animation grve-colored-clipping grve-animated-item grve-image-space-100 grve-image-expand-width\">\r\n\t<div class=\"grve-image-item\">\r\n\t\t\r\n\r\n<div class=\"grve-image-wrapper grve-no-effect\">\r\n\t\t<div class=\"grve-thumbnail-wrapper\"><div class=\"grve-thumbnail\"  style=\"padding-top: 133.393%;\"><img loading=\"lazy\" decoding=\"async\" width=\"560\" height=\"747\" src=\"https:\/\/utopiaresourcecenter.org\/wp-content\/uploads\/2023\/09\/teacher-UTOPIA-Resource-Center-Greater-NY-INC.jpg\" class=\"attachment-medium_large size-medium_large\" alt=\"\" data-column-space=\"100\" data-lazyload=\"\" data-grve-filter=\"yes\" srcset=\"https:\/\/utopiaresourcecenter.org\/wp-content\/uploads\/2023\/09\/teacher-UTOPIA-Resource-Center-Greater-NY-INC.jpg 560w, https:\/\/utopiaresourcecenter.org\/wp-content\/uploads\/2023\/09\/teacher-UTOPIA-Resource-Center-Greater-NY-INC-225x300.jpg 225w\" sizes=\"(max-width: 560px) 100vw, 560px\" \/><\/div><\/div>\t<\/div>\r\n\t<\/div>\r\n<\/div>\r\n[\/vc_column][vc_column width=\u00a0\u00bb1\/4&Prime;]<div data-clipping-color=\"primary-5\" data-animation=\"colored-clipping-left\" data-delay=\"0\" data-duration=\"normal\" class=\"grve-element grve-image grve-align-center grve-clipping-animation grve-advanced-animation grve-colored-clipping grve-animated-item grve-image-space-100 grve-image-expand-width\">\r\n\t<div class=\"grve-image-item\">\r\n\t\t\r\n\r\n<div class=\"grve-image-wrapper grve-no-effect\">\r\n\t\t<div class=\"grve-thumbnail-wrapper\"><div class=\"grve-thumbnail\"  style=\"padding-top: 66.667%;\"><img loading=\"lazy\" decoding=\"async\" width=\"768\" height=\"512\" src=\"https:\/\/utopiaresourcecenter.org\/wp-content\/uploads\/2023\/09\/Morrisania-and-Utopia-Family-Child-Care-Network-4-768x512.jpeg\" class=\"attachment-medium_large size-medium_large\" alt=\"\" data-column-space=\"100\" data-lazyload=\"\" data-grve-filter=\"yes\" srcset=\"https:\/\/utopiaresourcecenter.org\/wp-content\/uploads\/2023\/09\/Morrisania-and-Utopia-Family-Child-Care-Network-4-768x512.jpeg 768w, https:\/\/utopiaresourcecenter.org\/wp-content\/uploads\/2023\/09\/Morrisania-and-Utopia-Family-Child-Care-Network-4-300x200.jpeg 300w, https:\/\/utopiaresourcecenter.org\/wp-content\/uploads\/2023\/09\/Morrisania-and-Utopia-Family-Child-Care-Network-4-1024x683.jpeg 1024w, https:\/\/utopiaresourcecenter.org\/wp-content\/uploads\/2023\/09\/Morrisania-and-Utopia-Family-Child-Care-Network-4-1536x1024.jpeg 1536w, https:\/\/utopiaresourcecenter.org\/wp-content\/uploads\/2023\/09\/Morrisania-and-Utopia-Family-Child-Care-Network-4-1920x1280.jpeg 1920w\" sizes=\"(max-width: 768px) 100vw, 768px\" \/><\/div><\/div>\t<\/div>\r\n\t<\/div>\r\n<\/div>\r\n[\/vc_column][vc_column width=\u00a0\u00bb1\/6&Prime;][\/vc_column][\/vc_row][vc_row height_ratio=\u00a0\u00bb60&Prime; padding_top_multiplier=\u00a0\u00bb3x\u00a0\u00bb padding_bottom_multiplier=\u00a0\u00bb3x\u00a0\u00bb rc_heading_color=\u00a0\u00bbwhite\u00a0\u00bb rc_bg_type=\u00a0\u00bbcolor\u00a0\u00bb rc_font_color=\u00a0\u00bb#ffffff\u00a0\u00bb rc_bg_color=\u00a0\u00bb#0e23f0&Prime;][vc_column width=\u00a0\u00bb1\/4&Prime; vertical_content_position=\u00a0\u00bbmiddle\u00a0\u00bb]<div class=\"grve-element grve-counter grve-align-center\"><div class=\"grve-counter-content\"><div class=\"grve-counter-item grve-h2 grve-text-white\"><span data-thousands-separator-vis=\"\" data-thousands-separator=\",\" data-prefix=\"\" data-suffix=\"\" data-start-val=\"1\" data-end-val=\"65000\" data-decimal-points=\"0\" data-decimal-separator=\".\" >1<\/span><\/div><h5 class=\"grve-counter-title grve-link-text\">Les membres de la communaut\u00e9 ont acc\u00e9d\u00e9 \u00e0 Utopia<\/h5><\/div><\/div>[\/vc_column][vc_column width=\u00a0\u00bb3\/4&Prime; vertical_content_position=\u00a0\u00bbmiddle\u00a0\u00bb]<h3 class=\"grve-element grve-title grve-align-inherit grve-h4\"><span>Le r\u00e9seau de garde d&rsquo;enfants Morrisania\/Utopia Family, en collaboration avec le minist\u00e8re de l&rsquo;\u00c9ducation, offre aux familles une solution exceptionnelle en mati\u00e8re de garde d&rsquo;enfants.<\/span><\/h3>[vc_column_text text_style=\u00a0\u00bbleader-text\u00a0\u00bb]En veillant \u00e0 ce que les prestataires de services de garde d&rsquo;enfants soient agr\u00e9\u00e9s, qualifi\u00e9s et form\u00e9s aux diff\u00e9rents aspects du d\u00e9veloppement de l&rsquo;enfant, de la s\u00e9curit\u00e9 et de la nutrition, ce r\u00e9seau cr\u00e9e un environnement s\u00fbr et enrichissant pour les enfants. Les parents sont encourag\u00e9s \u00e0 soumettre leur candidature afin de profiter de cette pr\u00e9cieuse opportunit\u00e9 d&rsquo;offrir \u00e0 leurs enfants une prise en charge de qualit\u00e9 dans un cadre familial \u00e9panouissant.[\/vc_column_text]<div class=\"grve-empty-space grve-height-1x\"><\/div><div class=\"grve-element grve-align-inherit\"><a href=\"https:\/\/utopiaresourcecenter.org\/fr\/dons\/\" title=\"Dons\" class=\"grve-btn grve-square grve-bg-primary-5 grve-border-primary-5 grve-bg-hover-primary-5 grve-border-hover-primary-5 grve-text-white grve-text-hover-white grve-btn-small grve-with-svg-icon-arrow-2\">\r\n\t\t<div class=\"grve-btn-inner\">\r\n\t\t<span>Faire un don<\/span>\r\n\t\t\t\t\t\t\t<div class=\"grve-btn-svg-icon\">\r\n\t\t\t\t\t\t\t<svg width=\"40px\" height=\"16px\" viewBox=\"0 0 40 16\">\r\n\t\t\t\t\t<polygon class=\"grve-arrow-line\" points=\"0 7 38 7 38 9 0 9\"><\/polygon>\r\n\t\t\t\t\t<polygon class=\"grve-arrow-point\" points=\"31.3481912 0 40 8 31.3481912 16 30 14.5816219 37.1 8 30 1.41837809\"><\/polygon>\r\n\t\t\t\t<\/svg>\r\n\t\t\t\t\t\t\t\t<\/div>\r\n\t\t\t\t\t<\/div>\r\n\t<\/a><\/div>[\/vc_column][\/vc_row]<\/p>\n<\/section>","protected":false},"excerpt":{"rendered":"<p>[vc_row section_type=\u00a0\u00bbfullwidth\u00a0\u00bb padding_top_multiplier=\u00a0\u00bb\u00a0\u00bb padding_bottom_multiplier=\u00a0\u00bb\u00a0\u00bb scroll_header_skin=\u00a0\u00bblight\u00a0\u00bb][vc_column width=\u00a0\u00bb1\/3&Prime; full_height=\u00a0\u00bbyes\u00a0\u00bb tablet_sm_width=\u00a0\u00bb1-2&Prime;][vc_row_inner height_ratio=\u00a0\u00bb100&Prime;][vc_column_inner rc_bg_type=\u00a0\u00bbimage\u00a0\u00bb rc_bg_image=\u00a0\u00bb211&Prime; animation=\u00a0\u00bbclipping\u00a0\u00bb clipping_animation=\u00a0\u00bbcolored-clipping-left\u00a0\u00bb clipping_animation_colors=\u00a0\u00bbprimary-4&Prime; grve_css=\u00a0\u00bb{\u00ab\u00a0desktop\u00ab\u00a0:{\u00ab\u00a0padding-top\u00ab\u00a0:\u00ab\u00a075%\u00ab\u00a0,\u00ab\u00a0class\u00ab\u00a0:\u00ab\u00a0grve-wpb-1695311509709\u00ab\u00a0}}\u00a0\u00bb][\/vc_column_inner][vc_column_inner grve_css=\u00a0\u00bb{\u00ab\u00a0desktop\u00ab\u00a0:{\u00ab\u00a0padding-top\u00ab\u00a0:\u00ab\u00a012%\u00ab\u00a0,\u00ab\u00a0padding-right\u00ab\u00a0:\u00ab\u00a012%\u00ab\u00a0,\u00ab\u00a0padding-bottom\u00ab\u00a0:\u00ab\u00a012%\u00ab\u00a0,\u00ab\u00a0padding-left\u00ab\u00a0:\u00ab\u00a012%\u00ab\u00a0,\u00ab\u00a0class\u00ab\u00a0:\u00ab\u00a0grve-wpb-1695132302598\u00ab\u00a0}}\u00a0\u00bb][vc_column_text css=\u00a0\u00bb.vc_custom_1695311435110{padding-bottom: 40px !important;}\u00a0\u00bb]Le r\u00e9seau de garde d&rsquo;enfants Morrisania\/Utopia Family a \u00e9tabli un partenariat pr\u00e9cieux [&hellip;]<\/p>\n","protected":false},"author":1,"featured_media":0,"parent":0,"menu_order":0,"comment_status":"closed","ping_status":"closed","template":"","meta":{"footnotes":""},"class_list":["post-530","page","type-page","status-publish","hentry","grve-entry-item"],"_links":{"self":[{"href":"https:\/\/utopiaresourcecenter.org\/fr\/wp-json\/wp\/v2\/pages\/530","targetHints":{"allow":["GET"]}}],"collection":[{"href":"https:\/\/utopiaresourcecenter.org\/fr\/wp-json\/wp\/v2\/pages"}],"about":[{"href":"https:\/\/utopiaresourcecenter.org\/fr\/wp-json\/wp\/v2\/types\/page"}],"author":[{"embeddable":true,"href":"https:\/\/utopiaresourcecenter.org\/fr\/wp-json\/wp\/v2\/users\/1"}],"replies":[{"embeddable":true,"href":"https:\/\/utopiaresourcecenter.org\/fr\/wp-json\/wp\/v2\/comments?post=530"}],"version-history":[{"count":12,"href":"https:\/\/utopiaresourcecenter.org\/fr\/wp-json\/wp\/v2\/pages\/530\/revisions"}],"predecessor-version":[{"id":873,"href":"https:\/\/utopiaresourcecenter.org\/fr\/wp-json\/wp\/v2\/pages\/530\/revisions\/873"}],"wp:attachment":[{"href":"https:\/\/utopiaresourcecenter.org\/fr\/wp-json\/wp\/v2\/media?parent=530"}],"curies":[{"name":"wp","href":"https:\/\/api.w.org\/{rel}","templated":true}]}}