{"id":507,"date":"2023-10-05T13:24:55","date_gmt":"2023-10-05T17:24:55","guid":{"rendered":"https:\/\/utopiaresourcecenter.org\/blog\/"},"modified":"2023-10-16T11:51:03","modified_gmt":"2023-10-16T15:51:03","slug":"blog","status":"publish","type":"page","link":"https:\/\/utopiaresourcecenter.org\/fr\/blog\/","title":{"rendered":"Blog"},"content":{"rendered":"<section class=\"wpb-content-wrapper\"><p>[vc_row padding_top_multiplier=\u00a0\u00bb3x\u00a0\u00bb padding_bottom_multiplier=\u00a0\u00bb3x\u00a0\u00bb rc_bg_type=\u00a0\u00bbcolor\u00a0\u00bb rc_bg_color=\u00a0\u00bb#f5f5f5&Prime;][vc_column][vc_row_inner][vc_column_inner width=\u00a0\u00bb1\/6&Prime;][\/vc_column_inner][vc_column_inner width=\u00a0\u00bb2\/3&Prime;]<h4 class=\"grve-element grve-title grve-align-center grve-h4\"><span>Prenez le temps de lire notre blog&#8230;<\/span><\/h4><div class=\"grve-empty-space grve-height-2x\"><\/div>[vc_wp_search]<div class=\"grve-empty-space grve-height-2x\"><\/div><div data-display-style=\"pagination\" data-spinner=\"no\" class=\"grve-element grve-blog grve-blog-large grve-non-isotope grve-with-gap\" id=\"el-1695140759264-c0be5c29-babc\">\r\n\t<div class=\"grve-standard-container\">\r\n\r\n\t<article class=\"post-1625 post type-post status-publish format-standard has-post-thumbnail hentry category-blog-fr grve-entry-item grve-blog-item\" itemscope itemType=\"http:\/\/schema.org\/BlogPosting\">\r\n\t\t<div class=\"grve-blog-big-item-inner\">\r\n\t\t\t<div class=\"grve-post-item grve-style-large\">\r\n\t<div class=\"grve-post-item-inner\">\r\n\t\t\t\t<div class=\"grve-post-media grve-media-normal grve-radius-5 grve-shadow-medium\">\r\n\t\t\t\t\t\t<a class=\"grve-item-url\" href=\"https:\/\/utopiaresourcecenter.org\/fr\/retablir-lespoir-a-bath-mountain-un-appel-a-la-compassion-apres-la-tempete\/\" rel=\"bookmark\"><span class=\"screen-reader-text\">R\u00e9tablir l&rsquo;espoir \u00e0 Bath Mountain : Un appel \u00e0 la compassion apr\u00e8s la temp\u00eate<\/span><\/a>\r\n\t\t\t<div class=\"grve-thumbnail-wrapper\"  style=\"width: 720px;\"><div class=\"grve-thumbnail\"  style=\"padding-top: 56.25%;\"><img fetchpriority=\"high\" decoding=\"async\" width=\"720\" height=\"405\" src=\"https:\/\/utopiaresourcecenter.org\/wp-content\/uploads\/2025\/11\/96675267_1763403334258562_r.webp\" class=\"attachment-impeka-grve-large-rect-horizontal size-impeka-grve-large-rect-horizontal wp-post-image\" alt=\"\" data-column-space=\"auto\" data-lazyload=\"\" data-grve-filter=\"yes\" srcset=\"https:\/\/utopiaresourcecenter.org\/wp-content\/uploads\/2025\/11\/96675267_1763403334258562_r.webp 720w, https:\/\/utopiaresourcecenter.org\/wp-content\/uploads\/2025\/11\/96675267_1763403334258562_r-300x169.webp 300w\" sizes=\"(max-width: 720px) 100vw, 720px\" \/><\/div><\/div>\t\t<\/div>\r\n\t\t\t\t<div class=\"grve-post-content\" itemprop=\"articleBody\">\r\n\t\t\t<a href=\"https:\/\/utopiaresourcecenter.org\/fr\/retablir-lespoir-a-bath-mountain-un-appel-a-la-compassion-apres-la-tempete\/\" rel=\"bookmark\"><h4 class=\"grve-post-title grve-h5\" itemprop=\"headline\"><span>R\u00e9tablir l&rsquo;espoir \u00e0 Bath Mountain : Un appel \u00e0 la compassion apr\u00e8s la temp\u00eate<\/span><\/h4><\/a>\t\t\t\t<div class=\"grve-post-meta grve-style-1 grve-text-default grve-svg-default\">\r\n\t\t\t\t\t\t<div class=\"grve-post-date grve-small-text\"><span>\t\t\t<time datetime=\"2025-11-21T18:35:32-05:00\">\r\n\t\t\t\t21 novembre 2025\t\t\t<\/time>\r\n\t\t\t<\/span><\/div>\r\n\t\t\t\t\t\t\t<\/div>\r\n\t\t\t<p>Une autre force se manifeste Pour Ivy Brown, Bath Mountain n'est pas seulement un titre de presse ou une \u00e9pingle sur une carte ; c'est la terre qui l'a \u00e9lev\u00e9e. Bien qu'elle ait construit sa vie et sa carri\u00e8re dans le Bronx au cours des 25 derni\u00e8res ann\u00e9es, son c\u0153ur n'a jamais quitt\u00e9 les collines\u2026<\/p><a class=\"grve-read-more grve-link-text\" href=\"https:\/\/utopiaresourcecenter.org\/fr\/retablir-lespoir-a-bath-mountain-un-appel-a-la-compassion-apres-la-tempete\/\"><span>en savoir plus<\/span>\t\t\t\t<svg width=\"40px\" height=\"16px\" viewBox=\"0 0 40 16\">\r\n\t\t\t\t\t<polygon class=\"grve-arrow-line\" points=\"0 7 38 7 38 9 0 9\"><\/polygon>\r\n\t\t\t\t\t<polygon class=\"grve-arrow-point\" points=\"31.3481912 0 40 8 31.3481912 16 30 14.5816219 37.1 8 30 1.41837809\"><\/polygon>\r\n\t\t\t\t<\/svg>\r\n\t\t\t<\/a>\t\t\t\t\t<\/div>\r\n\t<\/div>\r\n\t\t\t<span class=\"grve-hidden\">\r\n\t\t\t<span class=\"grve-structured-data\" itemprop=\"image\" itemscope itemtype=\"http:\/\/schema.org\/ImageObject\">\r\n\t\t\t   <span itemprop='url' >https:\/\/utopiaresourcecenter.org\/wp-content\/uploads\/2025\/11\/96675267_1763403334258562_r.webp<\/span>\r\n\t\t\t   <span itemprop='height' >720<\/span>\r\n\t\t\t   <span itemprop='width' >405<\/span>\r\n\t\t\t<\/span>\r\n\t\t\t\t\t\t<span class=\"grve-structured-data\" itemprop=\"author\" itemscope itemtype=\"http:\/\/schema.org\/Person\">\r\n\t\t\t\t<span itemprop=\"name\">Utopia Resource Center<\/span>\r\n\t\t\t<\/span>\r\n\t\t\t<span class=\"grve-structured-data\" itemprop=\"publisher\" itemscope itemtype=\"http:\/\/schema.org\/Organization\">\r\n\t\t\t\t<span itemprop='name'>Utopia Resource Center<\/span>\r\n\t\t\t\t<span itemprop='logo' itemscope itemtype='http:\/\/schema.org\/ImageObject'>\r\n\t\t\t\t\t<span itemprop='url'>https:\/\/utopiaresourcecenter.org\/wp-content\/uploads\/2025\/11\/96675267_1763403334258562_r.webp<\/span>\r\n\t\t\t\t<\/span>\r\n\t\t\t<\/span>\r\n\t\t\t\t\t\t<time class=\"grve-structured-data\" itemprop=\"datePublished\" datetime=\"2025-11-21T18:35:32-05:00\">21 novembre 2025<\/time>\r\n\t\t\t<time class=\"grve-structured-data\" itemprop=\"dateModified\"  datetime=\"2025-11-21T18:46:32-05:00\">21 novembre 2025<\/time>\r\n\t\t\t<span class=\"grve-structured-data\" itemprop=\"mainEntityOfPage\" itemscope itemtype=\"http:\/\/schema.org\/WebPage\" itemid=\"https:\/\/utopiaresourcecenter.org\/fr\/retablir-lespoir-a-bath-mountain-un-appel-a-la-compassion-apres-la-tempete\/\"><\/span>\r\n\t\t<\/span>\r\n\t<\/div>\r\n\t\t<\/div>\r\n\t<\/article>\r\n\t\r\n\t<article class=\"post-538 post type-post status-publish format-standard has-post-thumbnail hentry category-blog-fr grve-entry-item grve-blog-item\" itemscope itemType=\"http:\/\/schema.org\/BlogPosting\">\r\n\t\t<div class=\"grve-blog-big-item-inner\">\r\n\t\t\t<div class=\"grve-post-item grve-style-large\">\r\n\t<div class=\"grve-post-item-inner\">\r\n\t\t\t\t<div class=\"grve-post-media grve-media-normal grve-radius-5 grve-shadow-medium\">\r\n\t\t\t\t\t\t<a class=\"grve-item-url\" href=\"https:\/\/utopiaresourcecenter.org\/fr\/effets-de-lintervention-aupres-de-la-petite-enfance-pendant-la-pandemie-de-covid\/\" rel=\"bookmark\"><span class=\"screen-reader-text\">Effets de l&rsquo;intervention aupr\u00e8s de la petite enfance pendant la pand\u00e9mie de COVID<\/span><\/a>\r\n\t\t\t<div class=\"grve-thumbnail-wrapper\"  style=\"width: 1390px;\"><div class=\"grve-thumbnail\"  style=\"padding-top: 56.259%;\"><img decoding=\"async\" width=\"1390\" height=\"782\" src=\"https:\/\/utopiaresourcecenter.org\/wp-content\/uploads\/2023\/10\/Effects-of-Early-Childhood-Intervention-During-COVID-Pandemic--1390x782.jpeg\" class=\"attachment-impeka-grve-large-rect-horizontal size-impeka-grve-large-rect-horizontal wp-post-image\" alt=\"\" data-column-space=\"auto\" data-lazyload=\"\" data-grve-filter=\"yes\" \/><\/div><\/div>\t\t<\/div>\r\n\t\t\t\t<div class=\"grve-post-content\" itemprop=\"articleBody\">\r\n\t\t\t<a href=\"https:\/\/utopiaresourcecenter.org\/fr\/effets-de-lintervention-aupres-de-la-petite-enfance-pendant-la-pandemie-de-covid\/\" rel=\"bookmark\"><h4 class=\"grve-post-title grve-h5\" itemprop=\"headline\"><span>Effets de l&rsquo;intervention aupr\u00e8s de la petite enfance pendant la pand\u00e9mie de COVID<\/span><\/h4><\/a>\t\t\t\t<div class=\"grve-post-meta grve-style-1 grve-text-default grve-svg-default\">\r\n\t\t\t\t\t\t<div class=\"grve-post-date grve-small-text\"><span>\t\t\t<time datetime=\"2023-10-05T13:14:19-04:00\">\r\n\t\t\t\t5 octobre 2023\t\t\t<\/time>\r\n\t\t\t<\/span><\/div>\r\n\t\t\t\t\t\t\t<\/div>\r\n\t\t\t<p>L'intervention pr\u00e9coce est un aspect essentiel du d\u00e9veloppement et de la r\u00e9ussite des enfants au cours de leurs premi\u00e8res ann\u00e9es de vie. Elle vise \u00e0 fournir un soutien et des services aux enfants et \u00e0 leurs familles qui peuvent \u00eatre confront\u00e9s \u00e0 des difficult\u00e9s telles que des retards de d\u00e9veloppement ou des handicaps. Cependant, la\u2026<\/p><a class=\"grve-read-more grve-link-text\" href=\"https:\/\/utopiaresourcecenter.org\/fr\/effets-de-lintervention-aupres-de-la-petite-enfance-pendant-la-pandemie-de-covid\/\"><span>en savoir plus<\/span>\t\t\t\t<svg width=\"40px\" height=\"16px\" viewBox=\"0 0 40 16\">\r\n\t\t\t\t\t<polygon class=\"grve-arrow-line\" points=\"0 7 38 7 38 9 0 9\"><\/polygon>\r\n\t\t\t\t\t<polygon class=\"grve-arrow-point\" points=\"31.3481912 0 40 8 31.3481912 16 30 14.5816219 37.1 8 30 1.41837809\"><\/polygon>\r\n\t\t\t\t<\/svg>\r\n\t\t\t<\/a>\t\t\t\t\t<\/div>\r\n\t<\/div>\r\n\t\t\t<span class=\"grve-hidden\">\r\n\t\t\t<span class=\"grve-structured-data\" itemprop=\"image\" itemscope itemtype=\"http:\/\/schema.org\/ImageObject\">\r\n\t\t\t   <span itemprop='url' >https:\/\/utopiaresourcecenter.org\/wp-content\/uploads\/2023\/10\/Effects-of-Early-Childhood-Intervention-During-COVID-Pandemic--scaled.jpeg<\/span>\r\n\t\t\t   <span itemprop='height' >2560<\/span>\r\n\t\t\t   <span itemprop='width' >1708<\/span>\r\n\t\t\t<\/span>\r\n\t\t\t\t\t\t<span class=\"grve-structured-data\" itemprop=\"author\" itemscope itemtype=\"http:\/\/schema.org\/Person\">\r\n\t\t\t\t<span itemprop=\"name\">Utopia Resource Center<\/span>\r\n\t\t\t<\/span>\r\n\t\t\t<span class=\"grve-structured-data\" itemprop=\"publisher\" itemscope itemtype=\"http:\/\/schema.org\/Organization\">\r\n\t\t\t\t<span itemprop='name'>Utopia Resource Center<\/span>\r\n\t\t\t\t<span itemprop='logo' itemscope itemtype='http:\/\/schema.org\/ImageObject'>\r\n\t\t\t\t\t<span itemprop='url'>https:\/\/utopiaresourcecenter.org\/wp-content\/uploads\/2023\/10\/Effects-of-Early-Childhood-Intervention-During-COVID-Pandemic--scaled.jpeg<\/span>\r\n\t\t\t\t<\/span>\r\n\t\t\t<\/span>\r\n\t\t\t\t\t\t<time class=\"grve-structured-data\" itemprop=\"datePublished\" datetime=\"2023-10-05T13:14:19-04:00\">5 octobre 2023<\/time>\r\n\t\t\t<time class=\"grve-structured-data\" itemprop=\"dateModified\"  datetime=\"2023-10-12T16:59:53-04:00\">12 octobre 2023<\/time>\r\n\t\t\t<span class=\"grve-structured-data\" itemprop=\"mainEntityOfPage\" itemscope itemtype=\"http:\/\/schema.org\/WebPage\" itemid=\"https:\/\/utopiaresourcecenter.org\/fr\/effets-de-lintervention-aupres-de-la-petite-enfance-pendant-la-pandemie-de-covid\/\"><\/span>\r\n\t\t<\/span>\r\n\t<\/div>\r\n\t\t<\/div>\r\n\t<\/article>\r\n\t\r\n\t<article class=\"post-560 post type-post status-publish format-standard has-post-thumbnail hentry category-blog-fr grve-entry-item grve-blog-item\" itemscope itemType=\"http:\/\/schema.org\/BlogPosting\">\r\n\t\t<div class=\"grve-blog-big-item-inner\">\r\n\t\t\t<div class=\"grve-post-item grve-style-large\">\r\n\t<div class=\"grve-post-item-inner\">\r\n\t\t\t\t<div class=\"grve-post-media grve-media-normal grve-radius-5 grve-shadow-medium\">\r\n\t\t\t\t\t\t<a class=\"grve-item-url\" href=\"https:\/\/utopiaresourcecenter.org\/fr\/pourquoi-les-parents-nient-que-leur-enfant-a-besoin-dune-intervention-precoce-et-quils-doivent-agir-rapidement\/\" rel=\"bookmark\"><span class=\"screen-reader-text\">Pourquoi les parents nient que leur enfant a besoin d&rsquo;une intervention pr\u00e9coce et qu&rsquo;ils doivent agir rapidement ?<\/span><\/a>\r\n\t\t\t<div class=\"grve-thumbnail-wrapper\"  style=\"width: 1390px;\"><div class=\"grve-thumbnail\"  style=\"padding-top: 56.259%;\"><img decoding=\"async\" width=\"1390\" height=\"782\" src=\"https:\/\/utopiaresourcecenter.org\/wp-content\/uploads\/2023\/09\/our-partners-UTOPIA-Resource-Center-Greater-NY-INC.-2-1390x782.jpeg\" class=\"attachment-impeka-grve-large-rect-horizontal size-impeka-grve-large-rect-horizontal wp-post-image\" alt=\"\" data-column-space=\"auto\" data-lazyload=\"\" data-grve-filter=\"yes\" \/><\/div><\/div>\t\t<\/div>\r\n\t\t\t\t<div class=\"grve-post-content\" itemprop=\"articleBody\">\r\n\t\t\t<a href=\"https:\/\/utopiaresourcecenter.org\/fr\/pourquoi-les-parents-nient-que-leur-enfant-a-besoin-dune-intervention-precoce-et-quils-doivent-agir-rapidement\/\" rel=\"bookmark\"><h4 class=\"grve-post-title grve-h5\" itemprop=\"headline\"><span>Pourquoi les parents nient que leur enfant a besoin d&rsquo;une intervention pr\u00e9coce et qu&rsquo;ils doivent agir rapidement ?<\/span><\/h4><\/a>\t\t\t\t<div class=\"grve-post-meta grve-style-1 grve-text-default grve-svg-default\">\r\n\t\t\t\t\t\t<div class=\"grve-post-date grve-small-text\"><span>\t\t\t<time datetime=\"2023-10-04T11:37:51-04:00\">\r\n\t\t\t\t4 octobre 2023\t\t\t<\/time>\r\n\t\t\t<\/span><\/div>\r\n\t\t\t\t\t\t\t<\/div>\r\n\t\t\t<p>En tant que parent, il est naturel de vouloir le meilleur pour son enfant. Vous voulez les prot\u00e9ger et leur donner toutes les chances de s'\u00e9panouir. Cependant, il arrive que des parents se trouvent dans des situations o\u00f9 leur enfant peut avoir besoin de services d'intervention pr\u00e9coce. Il peut s'agir d'une d\u00e9cision difficile et complexe,\u2026<\/p><a class=\"grve-read-more grve-link-text\" href=\"https:\/\/utopiaresourcecenter.org\/fr\/pourquoi-les-parents-nient-que-leur-enfant-a-besoin-dune-intervention-precoce-et-quils-doivent-agir-rapidement\/\"><span>en savoir plus<\/span>\t\t\t\t<svg width=\"40px\" height=\"16px\" viewBox=\"0 0 40 16\">\r\n\t\t\t\t\t<polygon class=\"grve-arrow-line\" points=\"0 7 38 7 38 9 0 9\"><\/polygon>\r\n\t\t\t\t\t<polygon class=\"grve-arrow-point\" points=\"31.3481912 0 40 8 31.3481912 16 30 14.5816219 37.1 8 30 1.41837809\"><\/polygon>\r\n\t\t\t\t<\/svg>\r\n\t\t\t<\/a>\t\t\t\t\t<\/div>\r\n\t<\/div>\r\n\t\t\t<span class=\"grve-hidden\">\r\n\t\t\t<span class=\"grve-structured-data\" itemprop=\"image\" itemscope itemtype=\"http:\/\/schema.org\/ImageObject\">\r\n\t\t\t   <span itemprop='url' >https:\/\/utopiaresourcecenter.org\/wp-content\/uploads\/2023\/09\/our-partners-UTOPIA-Resource-Center-Greater-NY-INC.-2.jpeg<\/span>\r\n\t\t\t   <span itemprop='height' >1920<\/span>\r\n\t\t\t   <span itemprop='width' >1280<\/span>\r\n\t\t\t<\/span>\r\n\t\t\t\t\t\t<span class=\"grve-structured-data\" itemprop=\"author\" itemscope itemtype=\"http:\/\/schema.org\/Person\">\r\n\t\t\t\t<span itemprop=\"name\">Utopia Resource Center<\/span>\r\n\t\t\t<\/span>\r\n\t\t\t<span class=\"grve-structured-data\" itemprop=\"publisher\" itemscope itemtype=\"http:\/\/schema.org\/Organization\">\r\n\t\t\t\t<span itemprop='name'>Utopia Resource Center<\/span>\r\n\t\t\t\t<span itemprop='logo' itemscope itemtype='http:\/\/schema.org\/ImageObject'>\r\n\t\t\t\t\t<span itemprop='url'>https:\/\/utopiaresourcecenter.org\/wp-content\/uploads\/2023\/09\/our-partners-UTOPIA-Resource-Center-Greater-NY-INC.-2.jpeg<\/span>\r\n\t\t\t\t<\/span>\r\n\t\t\t<\/span>\r\n\t\t\t\t\t\t<time class=\"grve-structured-data\" itemprop=\"datePublished\" datetime=\"2023-10-04T11:37:51-04:00\">4 octobre 2023<\/time>\r\n\t\t\t<time class=\"grve-structured-data\" itemprop=\"dateModified\"  datetime=\"2023-10-04T11:37:51-04:00\">4 octobre 2023<\/time>\r\n\t\t\t<span class=\"grve-structured-data\" itemprop=\"mainEntityOfPage\" itemscope itemtype=\"http:\/\/schema.org\/WebPage\" itemid=\"https:\/\/utopiaresourcecenter.org\/fr\/pourquoi-les-parents-nient-que-leur-enfant-a-besoin-dune-intervention-precoce-et-quils-doivent-agir-rapidement\/\"><\/span>\r\n\t\t<\/span>\r\n\t<\/div>\r\n\t\t<\/div>\r\n\t<\/article>\r\n\t\r\n\t<article class=\"post-517 post type-post status-publish format-standard has-post-thumbnail hentry category-blog-fr grve-entry-item grve-blog-item\" itemscope itemType=\"http:\/\/schema.org\/BlogPosting\">\r\n\t\t<div class=\"grve-blog-big-item-inner\">\r\n\t\t\t<div class=\"grve-post-item grve-style-large\">\r\n\t<div class=\"grve-post-item-inner\">\r\n\t\t\t\t<div class=\"grve-post-media grve-media-normal grve-radius-5 grve-shadow-medium\">\r\n\t\t\t\t\t\t<a class=\"grve-item-url\" href=\"https:\/\/utopiaresourcecenter.org\/fr\/impact-de-labsence-dassurance-sur-les-interventions-en-faveur-de-la-petite-enfance\/\" rel=\"bookmark\"><span class=\"screen-reader-text\">Impact de l&rsquo;absence d&rsquo;assurance sur les interventions en faveur de la petite enfance<\/span><\/a>\r\n\t\t\t<div class=\"grve-thumbnail-wrapper\"  style=\"width: 1280px;\"><div class=\"grve-thumbnail\"  style=\"padding-top: 61.094%;\"><img loading=\"lazy\" decoding=\"async\" width=\"1280\" height=\"782\" src=\"https:\/\/utopiaresourcecenter.org\/wp-content\/uploads\/2023\/10\/pexels-tuan-pm-18442463-1280x782.jpeg\" class=\"attachment-impeka-grve-large-rect-horizontal size-impeka-grve-large-rect-horizontal wp-post-image\" alt=\"\" data-column-space=\"auto\" data-lazyload=\"\" data-grve-filter=\"yes\" \/><\/div><\/div>\t\t<\/div>\r\n\t\t\t\t<div class=\"grve-post-content\" itemprop=\"articleBody\">\r\n\t\t\t<a href=\"https:\/\/utopiaresourcecenter.org\/fr\/impact-de-labsence-dassurance-sur-les-interventions-en-faveur-de-la-petite-enfance\/\" rel=\"bookmark\"><h4 class=\"grve-post-title grve-h5\" itemprop=\"headline\"><span>Impact de l&rsquo;absence d&rsquo;assurance sur les interventions en faveur de la petite enfance<\/span><\/h4><\/a>\t\t\t\t<div class=\"grve-post-meta grve-style-1 grve-text-default grve-svg-default\">\r\n\t\t\t\t\t\t<div class=\"grve-post-date grve-small-text\"><span>\t\t\t<time datetime=\"2023-10-01T13:16:31-04:00\">\r\n\t\t\t\t1 octobre 2023\t\t\t<\/time>\r\n\t\t\t<\/span><\/div>\r\n\t\t\t\t\t\t\t<\/div>\r\n\t\t\t<p>L'intervention pr\u00e9coce aupr\u00e8s des enfants (IPE) est un service vital qui vise \u00e0 apporter un soutien aux enfants de la naissance \u00e0 l'\u00e2ge de 3 ans qui pr\u00e9sentent des retards de d\u00e9veloppement ou des handicaps. Il propose des th\u00e9rapies, des services et des interventions sp\u00e9cialis\u00e9s pour aider les enfants \u00e0 atteindre leur plein potentiel de\u2026<\/p><a class=\"grve-read-more grve-link-text\" href=\"https:\/\/utopiaresourcecenter.org\/fr\/impact-de-labsence-dassurance-sur-les-interventions-en-faveur-de-la-petite-enfance\/\"><span>en savoir plus<\/span>\t\t\t\t<svg width=\"40px\" height=\"16px\" viewBox=\"0 0 40 16\">\r\n\t\t\t\t\t<polygon class=\"grve-arrow-line\" points=\"0 7 38 7 38 9 0 9\"><\/polygon>\r\n\t\t\t\t\t<polygon class=\"grve-arrow-point\" points=\"31.3481912 0 40 8 31.3481912 16 30 14.5816219 37.1 8 30 1.41837809\"><\/polygon>\r\n\t\t\t\t<\/svg>\r\n\t\t\t<\/a>\t\t\t\t\t<\/div>\r\n\t<\/div>\r\n\t\t\t<span class=\"grve-hidden\">\r\n\t\t\t<span class=\"grve-structured-data\" itemprop=\"image\" itemscope itemtype=\"http:\/\/schema.org\/ImageObject\">\r\n\t\t\t   <span itemprop='url' >https:\/\/utopiaresourcecenter.org\/wp-content\/uploads\/2023\/10\/pexels-tuan-pm-18442463.jpeg<\/span>\r\n\t\t\t   <span itemprop='height' >1280<\/span>\r\n\t\t\t   <span itemprop='width' >1920<\/span>\r\n\t\t\t<\/span>\r\n\t\t\t\t\t\t<span class=\"grve-structured-data\" itemprop=\"author\" itemscope itemtype=\"http:\/\/schema.org\/Person\">\r\n\t\t\t\t<span itemprop=\"name\">Utopia Resource Center<\/span>\r\n\t\t\t<\/span>\r\n\t\t\t<span class=\"grve-structured-data\" itemprop=\"publisher\" itemscope itemtype=\"http:\/\/schema.org\/Organization\">\r\n\t\t\t\t<span itemprop='name'>Utopia Resource Center<\/span>\r\n\t\t\t\t<span itemprop='logo' itemscope itemtype='http:\/\/schema.org\/ImageObject'>\r\n\t\t\t\t\t<span itemprop='url'>https:\/\/utopiaresourcecenter.org\/wp-content\/uploads\/2023\/10\/pexels-tuan-pm-18442463.jpeg<\/span>\r\n\t\t\t\t<\/span>\r\n\t\t\t<\/span>\r\n\t\t\t\t\t\t<time class=\"grve-structured-data\" itemprop=\"datePublished\" datetime=\"2023-10-01T13:16:31-04:00\">1 octobre 2023<\/time>\r\n\t\t\t<time class=\"grve-structured-data\" itemprop=\"dateModified\"  datetime=\"2023-10-01T13:16:31-04:00\">1 octobre 2023<\/time>\r\n\t\t\t<span class=\"grve-structured-data\" itemprop=\"mainEntityOfPage\" itemscope itemtype=\"http:\/\/schema.org\/WebPage\" itemid=\"https:\/\/utopiaresourcecenter.org\/fr\/impact-de-labsence-dassurance-sur-les-interventions-en-faveur-de-la-petite-enfance\/\"><\/span>\r\n\t\t<\/span>\r\n\t<\/div>\r\n\t\t<\/div>\r\n\t<\/article>\r\n\t\t<\/div>\r\n<\/div>\r\n[\/vc_column_inner][vc_column_inner width=\u00a0\u00bb1\/6&Prime;][\/vc_column_inner][\/vc_row_inner][\/vc_column][\/vc_row]<\/p>\n<\/section>","protected":false},"excerpt":{"rendered":"<p>[vc_row padding_top_multiplier=\u00a0\u00bb3x\u00a0\u00bb padding_bottom_multiplier=\u00a0\u00bb3x\u00a0\u00bb rc_bg_type=\u00a0\u00bbcolor\u00a0\u00bb rc_bg_color=\u00a0\u00bb#f5f5f5&Prime;][vc_column][vc_row_inner][vc_column_inner width=\u00a0\u00bb1\/6&Prime;][\/vc_column_inner][vc_column_inner width=\u00a0\u00bb2\/3&Prime;][vc_wp_search][\/vc_column_inner][vc_column_inner width=\u00a0\u00bb1\/6&Prime;][\/vc_column_inner][\/vc_row_inner][\/vc_column][\/vc_row]<\/p>\n","protected":false},"author":1,"featured_media":0,"parent":0,"menu_order":0,"comment_status":"closed","ping_status":"closed","template":"","meta":{"footnotes":""},"class_list":["post-507","page","type-page","status-publish","hentry","grve-entry-item"],"_links":{"self":[{"href":"https:\/\/utopiaresourcecenter.org\/fr\/wp-json\/wp\/v2\/pages\/507","targetHints":{"allow":["GET"]}}],"collection":[{"href":"https:\/\/utopiaresourcecenter.org\/fr\/wp-json\/wp\/v2\/pages"}],"about":[{"href":"https:\/\/utopiaresourcecenter.org\/fr\/wp-json\/wp\/v2\/types\/page"}],"author":[{"embeddable":true,"href":"https:\/\/utopiaresourcecenter.org\/fr\/wp-json\/wp\/v2\/users\/1"}],"replies":[{"embeddable":true,"href":"https:\/\/utopiaresourcecenter.org\/fr\/wp-json\/wp\/v2\/comments?post=507"}],"version-history":[{"count":15,"href":"https:\/\/utopiaresourcecenter.org\/fr\/wp-json\/wp\/v2\/pages\/507\/revisions"}],"predecessor-version":[{"id":1059,"href":"https:\/\/utopiaresourcecenter.org\/fr\/wp-json\/wp\/v2\/pages\/507\/revisions\/1059"}],"wp:attachment":[{"href":"https:\/\/utopiaresourcecenter.org\/fr\/wp-json\/wp\/v2\/media?parent=507"}],"curies":[{"name":"wp","href":"https:\/\/api.w.org\/{rel}","templated":true}]}}