{"id":1188,"date":"2025-02-15T09:22:44","date_gmt":"2025-02-15T14:22:44","guid":{"rendered":"https:\/\/utopiaresourcecenter.org\/?page_id=1188"},"modified":"2025-02-15T09:22:52","modified_gmt":"2025-02-15T14:22:52","slug":"terms-of-use","status":"publish","type":"page","link":"https:\/\/utopiaresourcecenter.org\/fr\/terms-of-use\/","title":{"rendered":"Conditions d&rsquo;utilisation"},"content":{"rendered":"<p>Les pr\u00e9sentes conditions r\u00e9gissent votre acc\u00e8s et votre utilisation de l&rsquo;ensemble du contenu, des produits et des services disponibles sur le site web https:\/\/utopiaresourcecenter.org (le \u00ab\u00a0service\u00a0\u00bb) exploit\u00e9 par Utopia Resource Center (\u00ab\u00a0nous\u00a0\u00bb, \u00ab\u00a0nous\u00a0\u00bb ou \u00ab\u00a0notre\u00a0\u00bb).<\/p>\n<p>Votre acc\u00e8s \u00e0 nos services est soumis \u00e0 votre acceptation, sans modification, de tous les termes et conditions contenus dans le pr\u00e9sent document et de toutes les autres r\u00e8gles et politiques de fonctionnement publi\u00e9es et pouvant \u00eatre publi\u00e9es de temps \u00e0 autre par nous.<\/p>\n<p>Veuillez lire attentivement l&rsquo;accord avant d&rsquo;acc\u00e9der \u00e0 nos services ou de les utiliser. En acc\u00e9dant \u00e0 nos services ou en les utilisant, vous acceptez d&rsquo;\u00eatre li\u00e9 par les pr\u00e9sentes conditions. Si vous n&rsquo;acceptez pas une partie des conditions de l&rsquo;accord, vous ne pouvez pas acc\u00e9der \u00e0 nos services ni les utiliser.<\/p>\n<h3>Propri\u00e9t\u00e9 intellectuelle<\/h3>\n<p>L&rsquo;accord ne transf\u00e8re pas de Nous \u00e0 vous la propri\u00e9t\u00e9 intellectuelle de Nous ou de tiers, et tous les droits, titres et int\u00e9r\u00eats relatifs \u00e0 cette propri\u00e9t\u00e9 demeureront (entre les parties) uniquement au Centre de ressources Utopia et \u00e0 ses conc\u00e9dants de licence.<\/p>\n<h3>Services de tiers<\/h3>\n<p>En utilisant les services, vous pouvez utiliser des services, des produits, des logiciels, des \u00e9l\u00e9ments int\u00e9gr\u00e9s ou des applications d\u00e9velopp\u00e9s par des tiers (\u00ab\u00a0services de tiers\u00a0\u00bb).<\/p>\n<p>Si vous utilisez des services de tiers, vous comprenez que :<\/p>\n<ul>\n<li>Toute utilisation d&rsquo;un service tiers se fait \u00e0 vos risques et p\u00e9rils, et nous ne sommes pas responsables des sites web ou des services tiers.<\/li>\n<li>Vous reconnaissez et acceptez que nous ne pouvons \u00eatre tenus responsables de tout dommage ou perte caus\u00e9 ou suppos\u00e9 caus\u00e9 par ou en relation avec l&rsquo;utilisation de ce contenu, de ces biens ou de ces services disponibles sur ou par l&rsquo;interm\u00e9diaire de ces sites web ou de ces services.<\/li>\n<\/ul>\n<h3>Comptes<\/h3>\n<p>Lorsque l&rsquo;utilisation d&rsquo;une partie de nos services n\u00e9cessite l&rsquo;ouverture d&rsquo;un compte, vous acceptez de nous fournir des informations compl\u00e8tes et exactes lorsque vous vous inscrivez pour ouvrir un compte.<\/p>\n<p>Vous serez seul responsable de toute activit\u00e9 effectu\u00e9e sous votre compte. Vous \u00eates responsable de la mise \u00e0 jour des informations relatives \u00e0 votre compte et de la s\u00e9curit\u00e9 de votre mot de passe.<\/p>\n<p>Vous \u00eates responsable du maintien de la s\u00e9curit\u00e9 de votre compte que vous utilisez pour acc\u00e9der au service. Vous ne devez pas partager ou utiliser abusivement vos identifiants d&rsquo;acc\u00e8s. Vous devez nous informer imm\u00e9diatement de toute utilisation non autoris\u00e9e de votre compte ou de toute autre violation de la s\u00e9curit\u00e9.<\/p>\n<h3>Liens vers d&rsquo;autres sites web<\/h3>\n<p>Notre service peut contenir des liens vers des sites web ou des services de tiers qui ne sont pas d\u00e9tenus ou contr\u00f4l\u00e9s par Utopia Resource Center.<\/p>\n<p>Utopia Resource Center n&rsquo;assume aucune responsabilit\u00e9 quant au contenu, aux politiques de confidentialit\u00e9 ou aux pratiques des sites web ou des services de tiers. Utopia Resource Center ne sera pas non plus responsable, directement ou indirectement, de tout dommage ou perte caus\u00e9 ou suppos\u00e9 \u00eatre caus\u00e9 par ou en relation avec l&rsquo;utilisation ou la confiance en un tel contenu, biens ou services disponibles sur ou par le biais de tels sites web ou services.<\/p>\n<p>Nous vous conseillons de lire les conditions g\u00e9n\u00e9rales et les politiques de confidentialit\u00e9 de tous les sites web ou services de tiers que vous visitez.<\/p>\n<h3>Cessation d&rsquo;activit\u00e9<\/h3>\n<p>Nous pouvons r\u00e9silier ou suspendre votre acc\u00e8s \u00e0 tout ou partie de nos services \u00e0 tout moment, avec ou sans motif, avec ou sans pr\u00e9avis, avec effet imm\u00e9diat.<\/p>\n<p>Si vous souhaitez r\u00e9silier le contrat ou votre compte Utopia Resource Center, vous pouvez simplement cesser d&rsquo;utiliser nos services.<\/p>\n<p>Toutes les dispositions de l&rsquo;accord qui, de par leur nature, doivent survivre \u00e0 la r\u00e9siliation, y compris, sans s&rsquo;y limiter, les dispositions relatives \u00e0 la propri\u00e9t\u00e9, les exclusions de garantie, l&rsquo;indemnisation et les limitations de responsabilit\u00e9.<\/p>\n<h3>Clause de non-responsabilit\u00e9<\/h3>\n<p>Nos services sont fournis \u00ab\u00a0TELS QUELS\u00a0\u00bb et \u00ab\u00a0TELS QUE DISPONIBLES\u00a0\u00bb. Utopia Resource Center et ses fournisseurs et conc\u00e9dants de licence d\u00e9clinent par la pr\u00e9sente toute garantie de quelque nature que ce soit, expresse ou implicite, y compris, mais sans s&rsquo;y limiter, les garanties de qualit\u00e9 marchande, d&rsquo;ad\u00e9quation \u00e0 un usage particulier et de non-contrefa\u00e7on. Ni Utopia Resource Center, ni ses fournisseurs et conc\u00e9dants de licence, ne garantissent que nos services seront exempts d&rsquo;erreurs ou que l&rsquo;acc\u00e8s \u00e0 ceux-ci sera continu ou ininterrompu.<\/p>\n<p>Vous comprenez que vous t\u00e9l\u00e9chargez ou obtenez autrement du contenu ou des services par l&rsquo;interm\u00e9diaire de nos services \u00e0 votre propre discr\u00e9tion et \u00e0 vos propres risques.<\/p>\n<h3>Comp\u00e9tence et droit applicable<\/h3>\n<p>Sauf dans la mesure o\u00f9 une loi applicable en dispose autrement, l&rsquo;accord et tout acc\u00e8s ou utilisation de nos services seront r\u00e9gis par les lois de New York.<\/p>\n<p>Les tribunaux d&rsquo;\u00c9tat et f\u00e9d\u00e9raux situ\u00e9s \u00e0 New York seront le lieu appropri\u00e9 pour tout litige d\u00e9coulant de l&rsquo;accord ou s&rsquo;y rapportant, ainsi que de l&rsquo;acc\u00e8s \u00e0 nos services ou de leur utilisation.<\/p>\n<h3>Changements<\/h3>\n<p>Utopia Resource Center se r\u00e9serve le droit, \u00e0 sa seule discr\u00e9tion, de modifier ou de remplacer ces conditions \u00e0 tout moment.<\/p>\n<p>Si nous apportons des modifications importantes, nous vous en informerons en les publiant sur notre site web ou en vous envoyant un courrier \u00e9lectronique ou toute autre communication avant que les modifications n&rsquo;entrent en vigueur. La notification indiquera un d\u00e9lai raisonnable apr\u00e8s lequel les nouvelles conditions prendront effet.<\/p>\n<p>Nous nous efforcerons de vous avertir au moins<br \/>\n30<br \/>\njours avant l&rsquo;entr\u00e9e en vigueur des modifications. Si vous n&rsquo;\u00eates pas d&rsquo;accord avec nos changements, vous devez cesser d&rsquo;utiliser nos services pendant la p\u00e9riode de pr\u00e9avis d\u00e9sign\u00e9e ou une fois que les changements sont entr\u00e9s en vigueur.<\/p>\n<p>Votre utilisation continue de nos services sera soumise aux nouvelles conditions.<\/p>\n<h3>Nous contacter<\/h3>\n<p>Si vous avez des questions concernant les pr\u00e9sentes conditions d&rsquo;utilisation, veuillez nous contacter \u00e0 l&rsquo;adresse suivante<br \/>\nbivy008@gmail.com<\/p>\n<hr>\n<p>Derni\u00e8re mise \u00e0 jour : 15 f\u00e9vrier 2025<\/p>\n","protected":false},"excerpt":{"rendered":"<p>Les pr\u00e9sentes conditions r\u00e9gissent votre acc\u00e8s et votre utilisation de l&rsquo;ensemble du contenu, des produits et des services disponibles sur le site web https:\/\/utopiaresourcecenter.org (le \u00ab\u00a0service\u00a0\u00bb) exploit\u00e9 par Utopia Resource [&hellip;]<\/p>\n","protected":false},"author":2,"featured_media":0,"parent":0,"menu_order":0,"comment_status":"closed","ping_status":"closed","template":"","meta":{"footnotes":""},"class_list":["post-1188","page","type-page","status-publish","hentry","grve-entry-item"],"_links":{"self":[{"href":"https:\/\/utopiaresourcecenter.org\/fr\/wp-json\/wp\/v2\/pages\/1188","targetHints":{"allow":["GET"]}}],"collection":[{"href":"https:\/\/utopiaresourcecenter.org\/fr\/wp-json\/wp\/v2\/pages"}],"about":[{"href":"https:\/\/utopiaresourcecenter.org\/fr\/wp-json\/wp\/v2\/types\/page"}],"author":[{"embeddable":true,"href":"https:\/\/utopiaresourcecenter.org\/fr\/wp-json\/wp\/v2\/users\/2"}],"replies":[{"embeddable":true,"href":"https:\/\/utopiaresourcecenter.org\/fr\/wp-json\/wp\/v2\/comments?post=1188"}],"version-history":[{"count":2,"href":"https:\/\/utopiaresourcecenter.org\/fr\/wp-json\/wp\/v2\/pages\/1188\/revisions"}],"predecessor-version":[{"id":1196,"href":"https:\/\/utopiaresourcecenter.org\/fr\/wp-json\/wp\/v2\/pages\/1188\/revisions\/1196"}],"wp:attachment":[{"href":"https:\/\/utopiaresourcecenter.org\/fr\/wp-json\/wp\/v2\/media?parent=1188"}],"curies":[{"name":"wp","href":"https:\/\/api.w.org\/{rel}","templated":true}]}}