{"id":616,"date":"2023-09-19T13:09:52","date_gmt":"2023-09-19T17:09:52","guid":{"rendered":"https:\/\/utopiaresourcecenter.org\/?page_id=616"},"modified":"2025-02-15T09:33:37","modified_gmt":"2025-02-15T14:33:37","slug":"politica-de-privacidad","status":"publish","type":"page","link":"https:\/\/utopiaresourcecenter.org\/es\/politica-de-privacidad\/","title":{"rendered":"Pol\u00edtica de privacidad"},"content":{"rendered":"&#13;\n<h2 class=\"wp-block-heading\"><strong>Qui\u00e9nes somos<\/strong><\/h2>&#13;\n&#13;\n<p>La direcci\u00f3n de nuestro sitio web es: https:\/\/utopiaresourcecenter.org.<\/p>&#13;\n&#13;\n<h2 class=\"wp-block-heading\"><strong>Comentarios<\/strong><\/h2>&#13;\n&#13;\n<p>Cuando los visitantes dejan comentarios en el sitio, recogemos los datos que aparecen en el formulario de comentarios y la direcci\u00f3n IP del visitante y la cadena de agentes de usuario del navegador para ayudar a detectar el spam.<\/p>&#13;\n&#13;\n<p>Una cadena anonimizada creada a partir de tu direcci\u00f3n de correo electr\u00f3nico (tambi\u00e9n llamada hash) puede ser proporcionada al servicio Gravatar para saber si la est\u00e1s utilizando. La pol\u00edtica de privacidad del servicio Gravatar est\u00e1 disponible aqu\u00ed: https:\/\/automattic.com\/privacy\/. Tras la aprobaci\u00f3n de tu comentario, tu foto de perfil ser\u00e1 visible para el p\u00fablico en el contexto de tu comentario.<\/p>&#13;\n&#13;\n<h2 class=\"wp-block-heading\"><strong>Medios de comunicaci\u00f3n<\/strong><\/h2>&#13;\n<p>If you upload images to the website, you should avoid uploading images with embedded location data (EXIF GPS) included. Visitors to the website can download and extract any location data from images on the website.<\/p>&#13;\n&#13;\n<h2 class=\"wp-block-heading\"><strong>Cookies<\/strong><\/h2>&#13;\n<h2><\/h2>&#13;\n<p>Si dejas un comentario en nuestro sitio, puedes optar por guardar tu nombre, direcci\u00f3n de correo electr\u00f3nico y sitio web en cookies. Esto es para que no tengas que volver a rellenar tus datos cuando dejes otro comentario. Estas galletas durar\u00e1n un a\u00f1o.<\/p>&#13;\n<h2><\/h2>&#13;\n<p>Si visita nuestra p\u00e1gina de inicio de sesi\u00f3n, instalaremos una cookie temporal para determinar si su navegador acepta cookies. Esta cookie no contiene datos personales y se descarta al cerrar el navegador.<\/p>&#13;\n<h2><\/h2>&#13;\n<p>Cuando inicie sesi\u00f3n, tambi\u00e9n instalaremos varias cookies para guardar su informaci\u00f3n de inicio de sesi\u00f3n y sus opciones de visualizaci\u00f3n en pantalla. Las cookies de inicio de sesi\u00f3n duran dos d\u00edas y las de opciones de pantalla, un a\u00f1o. Si selecciona \u00abRecordarme\u00bb, su inicio de sesi\u00f3n persistir\u00e1 durante dos semanas. Si cierra la sesi\u00f3n de su cuenta, se eliminar\u00e1n las cookies de inicio de sesi\u00f3n.<\/p>&#13;\n<h2><\/h2>&#13;\n<p>Si edita o publica un art\u00edculo, se guardar\u00e1 una cookie adicional en su navegador. Esta cookie no incluye datos personales y simplemente indica el ID del art\u00edculo que acaba de editar. Caduca al cabo de 1 d\u00eda.<\/p>&#13;\n<h2><\/h2>&#13;\n<h2 class=\"wp-block-heading\"><strong>Contenido incrustado de otros sitios web<\/strong><\/h2>&#13;\n<h2><\/h2>&#13;\n<p>Los art\u00edculos de este sitio pueden incluir contenido incrustado (por ejemplo, v\u00eddeos, im\u00e1genes, art\u00edculos, etc.). Los contenidos incrustados de otros sitios web se comportan exactamente igual que si el visitante hubiera visitado el otro sitio web.<\/p>&#13;\n<h2><\/h2>&#13;\n<p>Estos sitios web pueden recopilar datos sobre usted, utilizar cookies, incrustar seguimiento adicional de terceros y supervisar su interacci\u00f3n con ese contenido incrustado, incluido el seguimiento de su interacci\u00f3n con el contenido incrustado si tiene una cuenta y ha iniciado sesi\u00f3n en ese sitio web.<\/p>&#13;\n<h2><\/h2>&#13;\n<h2 class=\"wp-block-heading\"><strong>Con qui\u00e9n compartimos sus datos<\/strong><\/h2>&#13;\n<h2><\/h2>&#13;\n<p>Si solicitas un restablecimiento de contrase\u00f1a, tu direcci\u00f3n IP se incluir\u00e1 en el correo electr\u00f3nico de restablecimiento.<\/p>&#13;\n<h2><\/h2>&#13;\n<h2 class=\"wp-block-heading\"><strong>Cu\u00e1nto tiempo conservamos sus datos<\/strong><\/h2>&#13;\n<h2><\/h2>&#13;\n<p>Si dejas un comentario, el comentario y sus metadatos se conservan indefinidamente. As\u00ed podremos reconocer y aprobar autom\u00e1ticamente los comentarios de seguimiento en lugar de retenerlos en una cola de moderaci\u00f3n.<\/p>&#13;\n<h2><\/h2>&#13;\n<p>En el caso de los usuarios que se registran en nuestro sitio web (si los hay), tambi\u00e9n almacenamos la informaci\u00f3n personal que nos facilitan en su perfil de usuario. Todos los usuarios pueden ver, editar o borrar su informaci\u00f3n personal en cualquier momento (excepto que no pueden cambiar su nombre de usuario). Los administradores del sitio web tambi\u00e9n pueden ver y editar esa informaci\u00f3n.<\/p>&#13;\n<h2><\/h2>&#13;\n<h2 class=\"wp-block-heading\"><strong>Qu\u00e9 derechos tiene sobre sus datos<\/strong><\/h2>&#13;\n<h2><\/h2>&#13;\n<p>Si tienes una cuenta en este sitio, o has dejado comentarios, puedes solicitar recibir un archivo exportado de los datos personales que tenemos sobre ti, incluidos los datos que nos hayas proporcionado. Tambi\u00e9n puede solicitar que borremos cualquier dato personal que tengamos sobre usted. Esto no incluye ning\u00fan dato que estemos obligados a conservar con fines administrativos, legales o de seguridad.<\/p>&#13;\n<h2><\/h2>&#13;\n<h2 class=\"wp-block-heading\"><strong>D\u00f3nde se env\u00edan sus datos<\/strong><\/h2>&#13;\n<h2><\/h2>&#13;\n<p>Los comentarios de los visitantes pueden ser comprobados a trav\u00e9s de un servicio automatizado de detecci\u00f3n de spam.<\/p>&#13;\n<h2><\/h2><\/h2>\n","protected":false},"excerpt":{"rendered":"<p>&#13; Qui\u00e9nes somos &#13; &#13; La direcci\u00f3n de nuestro sitio web es: https:\/\/utopiaresourcecenter.org. &#13; &#13; Comentarios &#13; &#13; Cuando los visitantes dejan comentarios en el sitio, recogemos los datos que [&hellip;]<\/p>\n","protected":false},"author":1,"featured_media":0,"parent":0,"menu_order":0,"comment_status":"closed","ping_status":"open","template":"","meta":{"footnotes":""},"class_list":["post-616","page","type-page","status-publish","hentry","grve-entry-item"],"_links":{"self":[{"href":"https:\/\/utopiaresourcecenter.org\/es\/wp-json\/wp\/v2\/pages\/616","targetHints":{"allow":["GET"]}}],"collection":[{"href":"https:\/\/utopiaresourcecenter.org\/es\/wp-json\/wp\/v2\/pages"}],"about":[{"href":"https:\/\/utopiaresourcecenter.org\/es\/wp-json\/wp\/v2\/types\/page"}],"author":[{"embeddable":true,"href":"https:\/\/utopiaresourcecenter.org\/es\/wp-json\/wp\/v2\/users\/1"}],"replies":[{"embeddable":true,"href":"https:\/\/utopiaresourcecenter.org\/es\/wp-json\/wp\/v2\/comments?post=616"}],"version-history":[{"count":2,"href":"https:\/\/utopiaresourcecenter.org\/es\/wp-json\/wp\/v2\/pages\/616\/revisions"}],"predecessor-version":[{"id":1209,"href":"https:\/\/utopiaresourcecenter.org\/es\/wp-json\/wp\/v2\/pages\/616\/revisions\/1209"}],"wp:attachment":[{"href":"https:\/\/utopiaresourcecenter.org\/es\/wp-json\/wp\/v2\/media?parent=616"}],"curies":[{"name":"wp","href":"https:\/\/api.w.org\/{rel}","templated":true}]}}