{"id":561,"date":"2023-09-28T14:08:38","date_gmt":"2023-09-28T18:08:38","guid":{"rendered":"https:\/\/utopiaresourcecenter.org\/donaciones\/"},"modified":"2023-10-09T14:59:09","modified_gmt":"2023-10-09T18:59:09","slug":"donaciones","status":"publish","type":"page","link":"https:\/\/utopiaresourcecenter.org\/es\/donaciones\/","title":{"rendered":"Donaciones"},"content":{"rendered":"<section class=\"wpb-content-wrapper\"><p>[vc_row section_type=\u00bbfullwidth\u00bb padding_top_multiplier=\u00bb\u00bb padding_bottom_multiplier=\u00bb\u00bb scroll_header_skin=\u00bblight\u00bb][vc_column width=\u00bb1\/3&#8243; full_height=\u00bbyes\u00bb tablet_sm_width=\u00bb1-2&#8243;][vc_row_inner height_ratio=\u00bb100&#8243;][vc_column_inner rc_bg_type=\u00bbimage\u00bb rc_bg_image=\u00bb359&#8243; animation=\u00bbclipping\u00bb clipping_animation=\u00bbcolored-clipping-left\u00bb clipping_animation_colors=\u00bbprimary-4&#8243; grve_css=\u00bb{\u00abdesktop\u00ab:{\u00abpadding-top\u00ab:\u00ab75%\u00ab,\u00abclass\u00ab:\u00abgrve-wpb-1695925572269\u00ab}}\u00bb][\/vc_column_inner][vc_column_inner grve_css=\u00bb{\u00abdesktop\u00ab:{\u00abpadding-top\u00ab:\u00ab12%\u00ab,\u00abpadding-right\u00ab:\u00ab12%\u00ab,\u00abpadding-bottom\u00ab:\u00ab12%\u00ab,\u00abpadding-left\u00ab:\u00ab12%\u00ab,\u00abclass\u00ab:\u00abgrve-wpb-1695132302598\u00ab}}\u00bb]<h3 class=\"grve-element grve-title grve-align-inherit grve-h3 grve-text-primary-2\" style=\"margin-bottom: 18px;\"><span>Tu ayuda es importante.<\/span><\/h3>[vc_column_text css=\u00bb.vc_custom_1695924973810{padding-bottom: 40px !important;}\u00bb]Cada d\u00f3lar cuenta. Cada donaci\u00f3n contribuye a reforzar nuestro trabajo en el campo de la intervenci\u00f3n en la primera infancia. Su contribuci\u00f3n financiera es una inversi\u00f3n en la prestaci\u00f3n de servicios esenciales a comunidades desatendidas.[\/vc_column_text]<div class=\"grve-empty-space grve-height-1x\"><\/div><div class=\"grve-element grve-align-inherit\"><a href=\"https:\/\/utopiaresourcecenter.org\/es\/acerca-de\/\" class=\"grve-btn grve-square grve-bg-primary-5 grve-border-primary-5 grve-bg-hover-primary-5 grve-border-hover-primary-5 grve-text-white grve-text-hover-white grve-btn-small grve-with-svg-icon-arrow-2\">\r\n\t\t<div class=\"grve-btn-inner\">\r\n\t\t<span>Donar ahora<\/span>\r\n\t\t\t\t\t\t\t<div class=\"grve-btn-svg-icon\">\r\n\t\t\t\t\t\t\t<svg width=\"40px\" height=\"16px\" viewBox=\"0 0 40 16\">\r\n\t\t\t\t\t<polygon class=\"grve-arrow-line\" points=\"0 7 38 7 38 9 0 9\"><\/polygon>\r\n\t\t\t\t\t<polygon class=\"grve-arrow-point\" points=\"31.3481912 0 40 8 31.3481912 16 30 14.5816219 37.1 8 30 1.41837809\"><\/polygon>\r\n\t\t\t\t<\/svg>\r\n\t\t\t\t\t\t\t\t<\/div>\r\n\t\t\t\t\t<\/div>\r\n\t<\/a><\/div>[\/vc_column_inner][\/vc_row_inner][\/vc_column][vc_column width=\u00bb2\/3&#8243; full_height=\u00bbyes\u00bb rc_bg_type=\u00bbimage\u00bb rc_bg_image=\u00bb361&#8243; animation=\u00bbclipping\u00bb clipping_animation=\u00bbcolored-clipping-up\u00bb clipping_animation_colors=\u00bbprimary-3&#8243; tablet_sm_width=\u00bb1-2&#8243; grve_css=\u00bb{\u00abdesktop\u00ab:{\u00abpadding-top\u00ab:\u00ab75%\u00ab,\u00abclass\u00ab:\u00abgrve-wpb-1695925701346\u00ab}}\u00bb][\/vc_column][\/vc_row][vc_row section_type=\u00bbfullwidth\u00bb height_ratio=\u00bb50&#8243; padding_top_multiplier=\u00bb\u00bb padding_bottom_multiplier=\u00bb\u00bb rc_heading_color=\u00bbwhite\u00bb equal_column_height=\u00bbequal\u00bb rc_font_color=\u00bb#ffffff\u00bb][vc_column width=\u00bb1\/3&#8243; vertical_content_position=\u00bbmiddle\u00bb rc_bg_type=\u00bbcolor\u00bb hover_animation=\u00bbmagnetism\u00bb rc_bg_color=\u00bb#f14c71&#8243; grve_css=\u00bb{\u00abdesktop\u00ab:{\u00abpadding-top\u00ab:\u00ab10%\u00ab,\u00abpadding-right\u00ab:\u00ab15%\u00ab,\u00abpadding-bottom\u00ab:\u00ab10%\u00ab,\u00abpadding-left\u00ab:\u00ab15%\u00ab,\u00abclass\u00ab:\u00abgrve-wpb-1695925366260\u00ab}}\u00bb]<div data-animation=\"fade-in-up\" data-delay=\"200\" data-duration=\"normal\" class=\"grve-element grve-counter grve-align-inherit grve-animated-item\" style=\"margin-bottom: 18px;\"><div class=\"grve-counter-content\"><div class=\"grve-counter-item grve-h1 grve-text-white\"><span data-thousands-separator-vis=\"\" data-thousands-separator=\",\" data-prefix=\"\" data-suffix=\"%\" data-start-val=\"0\" data-end-val=\"51\" data-decimal-points=\"0\" data-decimal-separator=\".\" >0<\/span><\/div><h3 class=\"grve-counter-title grve-leader-text\"><strong>de los estadounidenses<\/strong> viven en desiertos de guarder\u00edas.<\/h3><\/div><\/div>[\/vc_column][vc_column width=\u00bb1\/3&#8243; vertical_content_position=\u00bbmiddle\u00bb rc_bg_type=\u00bbcolor\u00bb hover_animation=\u00bbmagnetism\u00bb rc_bg_color=\u00bb#3791e7&#8243; grve_css=\u00bb{\u00abdesktop\u00ab:{\u00abpadding-top\u00ab:\u00ab10%\u00ab,\u00abpadding-right\u00ab:\u00ab15%\u00ab,\u00abpadding-bottom\u00ab:\u00ab10%\u00ab,\u00abpadding-left\u00ab:\u00ab15%\u00ab,\u00abclass\u00ab:\u00abgrve-wpb-1695925371475\u00ab}}\u00bb]<div data-animation=\"fade-in-up\" data-delay=\"200\" data-duration=\"normal\" class=\"grve-element grve-counter grve-align-inherit grve-animated-item\" style=\"margin-bottom: 18px;\"><div class=\"grve-counter-content\"><div class=\"grve-counter-item grve-h1 grve-text-white\"><span data-thousands-separator-vis=\"\" data-thousands-separator=\",\" data-prefix=\"\" data-suffix=\"%\" data-start-val=\"0\" data-end-val=\"57\" data-decimal-points=\"0\" data-decimal-separator=\".\" >0<\/span><\/div><h3 class=\"grve-counter-title grve-leader-text\"><strong>de las familias<\/strong> gastaron m\u00e1s de 10 000 en guarder\u00edas.<\/h3><\/div><\/div>[\/vc_column][vc_column width=\u00bb1\/3&#8243; vertical_content_position=\u00bbmiddle\u00bb rc_bg_type=\u00bbcolor\u00bb hover_animation=\u00bbmagnetism\u00bb rc_bg_color=\u00bb#45dd3e\u00bb grve_css=\u00bb{\u00abdesktop\u00ab:{\u00abpadding-top\u00ab:\u00ab10%\u00ab,\u00abpadding-right\u00ab:\u00ab15%\u00ab,\u00abpadding-bottom\u00ab:\u00ab10%\u00ab,\u00abpadding-left\u00ab:\u00ab15%\u00ab,\u00abclass\u00ab:\u00abgrve-wpb-1695925380908\u00ab}}\u00bb]<div data-animation=\"fade-in-up\" data-delay=\"200\" data-duration=\"normal\" class=\"grve-element grve-counter grve-align-inherit grve-animated-item\" style=\"margin-bottom: 18px;\"><div class=\"grve-counter-content\"><div class=\"grve-counter-item grve-h1 grve-text-white\"><span data-thousands-separator-vis=\"\" data-thousands-separator=\",\" data-prefix=\"$\" data-suffix=\"\" data-start-val=\"0\" data-end-val=\"340\" data-decimal-points=\"0\" data-decimal-separator=\".\" >0<\/span><\/div><h3 class=\"grve-counter-title grve-leader-text\">a la <strong>semana<\/strong> para enviar a un ni\u00f1o a la guarder\u00eda.<\/h3><\/div><\/div>[\/vc_column][\/vc_row][vc_row padding_top_multiplier=\u00bb\u00bb padding_bottom_multiplier=\u00bb3x\u00bb rc_heading_color=\u00bbprimary-4&#8243; rc_font_color=\u00bb#000000&#8243;][vc_column width=\u00bb1\/6&#8243;][\/vc_column][vc_column width=\u00bb2\/3&#8243; rc_heading_color=\u00bbprimary-4&#8243; grve_css=\u00bb{\u00abdesktop\u00ab:{\u00abpadding-top\u00ab:\u00ab18%\u00ab,\u00abpadding-bottom\u00ab:\u00ab14%\u00ab,\u00abclass\u00ab:\u00abgrve-wpb-1695925176633\u00ab}}\u00bb rc_font_color=\u00bb#000000&#8243;]<div class=\"grve-empty-space grve-height-3x\"><\/div><h3 class=\"grve-element grve-title grve-align-center grve-h3 grve-text-primary-4\" style=\"margin-bottom: 30px;\"><span>Llamamiento a la acci\u00f3n sobre la necesidad de intervenci\u00f3n en la primera infancia<\/span><\/h3>[vc_row_inner][vc_column_inner tablet_sm_width=\u00bb2-3&#8243; rc_font_color=\u00bb#000000&#8243;][vc_column_text text_style=\u00bbleader-text\u00bb animation_delay=\u00bb300&#8243;]<\/p>\n<p style=\"text-align: center;\">La intervenci\u00f3n en la primera infancia es un componente crucial del desarrollo general de los ni\u00f1os peque\u00f1os. Desempe\u00f1a un papel vital para garantizar que los ni\u00f1os reciban el apoyo, los recursos y la asistencia que necesitan para prosperar y alcanzar su pleno potencial. Este sitio web pretende ofrecer una visi\u00f3n global de la necesidad de la intervenci\u00f3n temprana, los beneficios que aporta, los requisitos para su aplicaci\u00f3n y c\u00f3mo superar los retos que a menudo dificultan su eficacia.<\/p>\n<p>[\/vc_column_text][\/vc_column_inner][\/vc_row_inner]<div class=\"grve-empty-space grve-height-1x\"><\/div><div class=\"grve-element grve-align-center\"><a href=\"https:\/\/utopiaresourcecenter.org\/es\/acerca-de\/\" class=\"grve-btn grve-square grve-bg-primary-1 grve-border-primary-1 grve-bg-hover-primary-1 grve-border-hover-primary-1 grve-text-white grve-text-hover-white grve-btn-medium grve-with-svg-icon-arrow-2\">\r\n\t\t<div class=\"grve-btn-inner\">\r\n\t\t<span>Act\u00faa<\/span>\r\n\t\t\t\t\t\t\t<div class=\"grve-btn-svg-icon\">\r\n\t\t\t\t\t\t\t<svg width=\"40px\" height=\"16px\" viewBox=\"0 0 40 16\">\r\n\t\t\t\t\t<polygon class=\"grve-arrow-line\" points=\"0 7 38 7 38 9 0 9\"><\/polygon>\r\n\t\t\t\t\t<polygon class=\"grve-arrow-point\" points=\"31.3481912 0 40 8 31.3481912 16 30 14.5816219 37.1 8 30 1.41837809\"><\/polygon>\r\n\t\t\t\t<\/svg>\r\n\t\t\t\t\t\t\t\t<\/div>\r\n\t\t\t\t\t<\/div>\r\n\t<\/a><\/div><div class=\"grve-empty-space grve-height-3x\"><\/div>[\/vc_column][vc_column width=\u00bb1\/6&#8243;][\/vc_column][\/vc_row]<\/p>\n<\/section>","protected":false},"excerpt":{"rendered":"<p>[vc_row section_type=\u00bbfullwidth\u00bb padding_top_multiplier=\u00bb\u00bb padding_bottom_multiplier=\u00bb\u00bb scroll_header_skin=\u00bblight\u00bb][vc_column width=\u00bb1\/3&#8243; full_height=\u00bbyes\u00bb tablet_sm_width=\u00bb1-2&#8243;][vc_row_inner height_ratio=\u00bb100&#8243;][vc_column_inner rc_bg_type=\u00bbimage\u00bb rc_bg_image=\u00bb359&#8243; animation=\u00bbclipping\u00bb clipping_animation=\u00bbcolored-clipping-left\u00bb clipping_animation_colors=\u00bbprimary-4&#8243; grve_css=\u00bb{\u00abdesktop\u00ab:{\u00abpadding-top\u00ab:\u00ab75%\u00ab,\u00abclass\u00ab:\u00abgrve-wpb-1695925572269\u00ab}}\u00bb][\/vc_column_inner][vc_column_inner grve_css=\u00bb{\u00abdesktop\u00ab:{\u00abpadding-top\u00ab:\u00ab12%\u00ab,\u00abpadding-right\u00ab:\u00ab12%\u00ab,\u00abpadding-bottom\u00ab:\u00ab12%\u00ab,\u00abpadding-left\u00ab:\u00ab12%\u00ab,\u00abclass\u00ab:\u00abgrve-wpb-1695132302598\u00ab}}\u00bb][vc_column_text css=\u00bb.vc_custom_1695924973810{padding-bottom: 40px !important;}\u00bb]Cada d\u00f3lar cuenta. Cada donaci\u00f3n contribuye a reforzar nuestro trabajo en el [&hellip;]<\/p>\n","protected":false},"author":1,"featured_media":0,"parent":0,"menu_order":0,"comment_status":"closed","ping_status":"closed","template":"","meta":{"footnotes":""},"class_list":["post-561","page","type-page","status-publish","hentry","grve-entry-item"],"_links":{"self":[{"href":"https:\/\/utopiaresourcecenter.org\/es\/wp-json\/wp\/v2\/pages\/561","targetHints":{"allow":["GET"]}}],"collection":[{"href":"https:\/\/utopiaresourcecenter.org\/es\/wp-json\/wp\/v2\/pages"}],"about":[{"href":"https:\/\/utopiaresourcecenter.org\/es\/wp-json\/wp\/v2\/types\/page"}],"author":[{"embeddable":true,"href":"https:\/\/utopiaresourcecenter.org\/es\/wp-json\/wp\/v2\/users\/1"}],"replies":[{"embeddable":true,"href":"https:\/\/utopiaresourcecenter.org\/es\/wp-json\/wp\/v2\/comments?post=561"}],"version-history":[{"count":3,"href":"https:\/\/utopiaresourcecenter.org\/es\/wp-json\/wp\/v2\/pages\/561\/revisions"}],"predecessor-version":[{"id":673,"href":"https:\/\/utopiaresourcecenter.org\/es\/wp-json\/wp\/v2\/pages\/561\/revisions\/673"}],"wp:attachment":[{"href":"https:\/\/utopiaresourcecenter.org\/es\/wp-json\/wp\/v2\/media?parent=561"}],"curies":[{"name":"wp","href":"https:\/\/api.w.org\/{rel}","templated":true}]}}