{"id":555,"date":"2023-09-21T11:42:12","date_gmt":"2023-09-21T15:42:12","guid":{"rendered":"https:\/\/utopiaresourcecenter.org\/red-de-guarderias-familiares-de-morrisania-y-utopia\/"},"modified":"2023-10-16T11:21:13","modified_gmt":"2023-10-16T15:21:13","slug":"red-de-guarderias-familiares-de-morrisania-y-utopia","status":"publish","type":"page","link":"https:\/\/utopiaresourcecenter.org\/es\/red-de-guarderias-familiares-de-morrisania-y-utopia\/","title":{"rendered":"Red de Guarder\u00edas Familiares de Morrisania y Utop\u00eda"},"content":{"rendered":"<section class=\"wpb-content-wrapper\"><p>[vc_row section_type=\u00bbfullwidth\u00bb padding_top_multiplier=\u00bb\u00bb padding_bottom_multiplier=\u00bb\u00bb scroll_header_skin=\u00bblight\u00bb][vc_column width=\u00bb1\/3&#8243; full_height=\u00bbyes\u00bb tablet_sm_width=\u00bb1-2&#8243;][vc_row_inner height_ratio=\u00bb100&#8243;][vc_column_inner rc_bg_type=\u00bbimage\u00bb rc_bg_image=\u00bb211&#8243; animation=\u00bbclipping\u00bb clipping_animation=\u00bbcolored-clipping-left\u00bb clipping_animation_colors=\u00bbprimary-4&#8243; grve_css=\u00bb{\u00abdesktop\u00ab:{\u00abpadding-top\u00ab:\u00ab75%\u00ab,\u00abclass\u00ab:\u00abgrve-wpb-1695311509709\u00ab}}\u00bb][\/vc_column_inner][vc_column_inner grve_css=\u00bb{\u00abdesktop\u00ab:{\u00abpadding-top\u00ab:\u00ab12%\u00ab,\u00abpadding-right\u00ab:\u00ab12%\u00ab,\u00abpadding-bottom\u00ab:\u00ab12%\u00ab,\u00abpadding-left\u00ab:\u00ab12%\u00ab,\u00abclass\u00ab:\u00abgrve-wpb-1695132302598\u00ab}}\u00bb]<h3 class=\"grve-element grve-title grve-align-inherit grve-h3 grve-text-primary-2\" style=\"margin-bottom: 18px;\"><span>Red de Guarder\u00edas Familiares de Morrisania y Utop\u00eda<\/span><\/h3>[vc_column_text css=\u00bb.vc_custom_1697468959635{padding-bottom: 40px !important;}\u00bb]La red de guarder\u00edas Morrisania\/Utopia Family ha establecido una valiosa colaboraci\u00f3n con el Ministerio de Educaci\u00f3n. Esta colaboraci\u00f3n pretende atender las necesidades de las familias que buscan servicios de guarder\u00eda de alta calidad para sus beb\u00e9s, ni\u00f1os peque\u00f1os y ni\u00f1os inscritos en el programa 3-K. El aspecto \u00fanico de estos servicios es que se prestan en un entorno hogare\u00f1o acogedor, lo que garantiza un ambiente c\u00f3modo y familiar para los ni\u00f1os.<\/p>\n<p>MORRISANIA Revitalization Corporation y UTOPIA Resource Center Greater NY es una iniciativa de colaboraci\u00f3n que tiene como objetivo apoyar y mejorar los servicios de cuidado infantil en el Bronx desde 2019. Esta red re\u00fane a diversas partes interesadas, como el Departamento de Educaci\u00f3n, proveedores de servicios de guarder\u00eda, organizaciones comunitarias y organismos gubernamentales. La red ha establecido una valiosa asociaci\u00f3n con el Ministerio de Educaci\u00f3n. Esta colaboraci\u00f3n pretende atender las necesidades de las familias que buscan servicios de guarder\u00eda de alta calidad para sus beb\u00e9s, ni\u00f1os peque\u00f1os y ni\u00f1os inscritos en el programa 3-K. Ofrece un amplio conjunto de recursos y apoyo a los proveedores de servicios de guarder\u00eda.[\/vc_column_text][\/vc_column_inner][\/vc_row_inner][\/vc_column][vc_column width=\u00bb2\/3&#8243; full_height=\u00bbyes\u00bb rc_bg_type=\u00bbimage\u00bb rc_bg_image=\u00bb207&#8243; animation=\u00bbclipping\u00bb clipping_animation=\u00bbcolored-clipping-up\u00bb clipping_animation_colors=\u00bbprimary-3&#8243; tablet_sm_width=\u00bb1-2&#8243; grve_css=\u00bb{\u00abdesktop\u00ab:{\u00abpadding-top\u00ab:\u00ab75%\u00ab,\u00abclass\u00ab:\u00abgrve-wpb-1695311336061\u00ab}}\u00bb][\/vc_column][\/vc_row][vc_row padding_top_multiplier=\u00bb\u00bb padding_bottom_multiplier=\u00bb3x\u00bb rc_bg_type=\u00bbcolor\u00bb rc_bg_color=\u00bb#f14c71&#8243;][vc_column width=\u00bb1\/6&#8243;][\/vc_column][vc_column width=\u00bb2\/3&#8243; grve_css=\u00bb{\u00abdesktop\u00ab:{\u00abpadding-top\u00ab:\u00ab18%\u00ab,\u00abpadding-bottom\u00ab:\u00ab14%\u00ab,\u00abclass\u00ab:\u00abgrve-wpb-1695131216211\u00ab}}\u00bb]<h3 class=\"grve-element grve-title grve-align-inherit grve-h3 grve-text-white\" style=\"margin-bottom: 30px;\"><span>Los servicios se prestan en un entorno hogare\u00f1o acogedor, lo que garantiza un ambiente c\u00f3modo y familiar para los ni\u00f1os.<\/span><\/h3>[vc_row_inner][vc_column_inner rc_heading_color=\u00bbwhite\u00bb tablet_sm_width=\u00bb2-3&#8243; rc_font_color=\u00bb#ffffff\u00bb][vc_column_text animation_delay=\u00bb300&#8243;]Para mantener el m\u00e1s alto nivel de atenci\u00f3n, todos los cuidadores de ni\u00f1os de esta red son profesionales licenciados y cualificados. Se someten a una rigurosa formaci\u00f3n y entrenamiento en diversos aspectos, como la elaboraci\u00f3n de planes de estudios, protocolos de seguridad y directrices alimentarias y nutricionales. Esta exhaustiva preparaci\u00f3n les dota de las aptitudes y los conocimientos necesarios para proporcionar los mejores cuidados a los ni\u00f1os confiados a su supervisi\u00f3n.<\/p>\n<p>Se anima a los padres que est\u00e9n interesados en este programa a que presenten sus solicitudes para que sus hijos sean colocados en estos centros de cuidado infantil a domicilio. De este modo, las familias pueden aprovechar la comodidad y la atenci\u00f3n personalizada que ofrecen estos proveedores. Este sistema proporciona a los padres la tranquilidad de saber que sus hijos est\u00e1n en manos de profesionales cualificados que dan prioridad a su seguridad, bienestar y educaci\u00f3n temprana.<\/p>\n<h4>Salud y seguridad en los hogares de nuestros proveedores<\/h4>\n<p>Una de las principales prioridades de la Red de Guarder\u00edas Familiares de MORRISANIA\/UTOP\u00cdA es proporcionar a los proveedores de servicios de guarder\u00eda las herramientas y los recursos necesarios. Con ello se pretende garantizar un entorno de aprendizaje seguro y propicio para los ni\u00f1os. Mediante la colaboraci\u00f3n con organismos y expertos locales, la red ofrece completos talleres de formaci\u00f3n en salud y seguridad. En estos talleres se tratan diversos temas, como la preparaci\u00f3n para emergencias, la prevenci\u00f3n del maltrato y el abandono infantil y la prevenci\u00f3n de enfermedades. Al asistir a estos talleres, los cuidadores de ni\u00f1os adquieren valiosas ideas y conocimientos sobre la seguridad y la salud de los ni\u00f1os a su cargo.<\/p>\n<p>Adem\u00e1s, la Red de Guarder\u00edas Familiares de MORRISANIA\/UTOP\u00cdA tambi\u00e9n pone en contacto a los proveedores con valiosos recursos, como kits de suministros de emergencia, botiquines de primeros auxilios y formaci\u00f3n en reanimaci\u00f3n cardiopulmonar. Estos recursos ayudan a los proveedores de servicios de guarder\u00eda a estar preparados para emergencias imprevistas y garantizar que puedan actuar con rapidez y confianza en tiempos de crisis.[\/vc_column_text][\/vc_column_inner][\/vc_row_inner][\/vc_column][vc_column width=\u00bb1\/6&#8243;][\/vc_column][\/vc_row][vc_row height_ratio=\u00bb60&#8243; padding_top_multiplier=\u00bb\u00bb padding_bottom_multiplier=\u00bb\u00bb rc_bg_type=\u00bbimage\u00bb rc_bg_image=\u00bb214&#8243; rc_bg_image_type=\u00bbfixed\u00bb][vc_column full_height=\u00bbyes\u00bb][\/vc_column][\/vc_row][vc_row padding_top_multiplier=\u00bb\u00bb padding_bottom_multiplier=\u00bb\u00bb desktop_visibility=\u00bbhide\u00bb tablet_visibility=\u00bbhide\u00bb tablet_sm_visibility=\u00bbhide\u00bb mobile_visibility=\u00bbhide\u00bb][vc_column grve_css=\u00bb{\u00abdesktop\u00ab:{\u00abmargin-top\u00ab:\u00ab-14%\u00ab,\u00abclass\u00ab:\u00abgrve-wpb-1599199444770\u00ab}}\u00bb][vc_row_inner equal_column_height=\u00bbequal\u00bb][vc_column_inner width=\u00bb1\/3&#8243;]<div data-clipping-color=\"primary-3\" data-animation=\"colored-clipping-up\" data-delay=\"200\" data-duration=\"normal\" class=\"grve-element grve-image grve-align-center grve-clipping-animation grve-advanced-animation grve-colored-clipping grve-animated-item grve-image-space-100 grve-image-expand-width\">\r\n\t<div class=\"grve-image-item\">\r\n\t\t\r\n\r\n<div class=\"grve-image-wrapper grve-no-effect\">\r\n\t\t<div class=\"grve-thumbnail-wrapper\"><div class=\"grve-thumbnail\"  style=\"padding-top: 133.393%;\"><img fetchpriority=\"high\" decoding=\"async\" width=\"560\" height=\"747\" src=\"https:\/\/utopiaresourcecenter.org\/wp-content\/uploads\/2023\/09\/teacher-UTOPIA-Resource-Center-Greater-NY-INC.jpg\" class=\"attachment-full size-full\" alt=\"\" data-column-space=\"100\" data-lazyload=\"\" data-grve-filter=\"yes\" srcset=\"https:\/\/utopiaresourcecenter.org\/wp-content\/uploads\/2023\/09\/teacher-UTOPIA-Resource-Center-Greater-NY-INC.jpg 560w, https:\/\/utopiaresourcecenter.org\/wp-content\/uploads\/2023\/09\/teacher-UTOPIA-Resource-Center-Greater-NY-INC-225x300.jpg 225w\" sizes=\"(max-width: 560px) 100vw, 560px\" \/><\/div><\/div>\t<\/div>\r\n\t<\/div>\r\n<\/div>\r\n[\/vc_column_inner][vc_column_inner width=\u00bb2\/3&#8243;]<div data-clipping-color=\"primary-5\" data-animation=\"colored-clipping-up\" data-delay=\"400\" data-duration=\"normal\" class=\"grve-element grve-image grve-align-center grve-clipping-animation grve-advanced-animation grve-colored-clipping grve-animated-item grve-image-space-100 grve-image-expand-width\">\r\n\t<div class=\"grve-image-item\">\r\n\t\t\r\n\r\n<div class=\"grve-image-wrapper grve-no-effect\">\r\n\t\t<div class=\"grve-thumbnail-wrapper\"><div class=\"grve-thumbnail\"  style=\"padding-top: 66.637%;\"><img decoding=\"async\" width=\"1121\" height=\"747\" src=\"https:\/\/utopiaresourcecenter.org\/wp-content\/uploads\/2023\/09\/home4-small-UTOPIA-Resource-Center-Greater-NY-INC.-2.jpg\" class=\"attachment-full size-full\" alt=\"\" data-column-space=\"100\" data-lazyload=\"\" data-grve-filter=\"yes\" srcset=\"https:\/\/utopiaresourcecenter.org\/wp-content\/uploads\/2023\/09\/home4-small-UTOPIA-Resource-Center-Greater-NY-INC.-2.jpg 1121w, https:\/\/utopiaresourcecenter.org\/wp-content\/uploads\/2023\/09\/home4-small-UTOPIA-Resource-Center-Greater-NY-INC.-2-300x200.jpg 300w, https:\/\/utopiaresourcecenter.org\/wp-content\/uploads\/2023\/09\/home4-small-UTOPIA-Resource-Center-Greater-NY-INC.-2-1024x682.jpg 1024w, https:\/\/utopiaresourcecenter.org\/wp-content\/uploads\/2023\/09\/home4-small-UTOPIA-Resource-Center-Greater-NY-INC.-2-768x512.jpg 768w\" sizes=\"(max-width: 1121px) 100vw, 1121px\" \/><\/div><\/div>\t<\/div>\r\n\t<\/div>\r\n<\/div>\r\n[\/vc_column_inner][\/vc_row_inner][\/vc_column][\/vc_row][vc_row padding_top_multiplier=\u00bbcustom\u00bb padding_bottom_multiplier=\u00bb4x\u00bb padding_top=\u00bb13%\u00bb][vc_column width=\u00bb1\/2&#8243;]<div data-clipping-color=\"primary-2\" data-animation=\"colored-clipping-left\" data-delay=\"0\" data-duration=\"normal\" class=\"grve-element grve-image grve-align-center grve-clipping-animation grve-advanced-animation grve-colored-clipping grve-animated-item grve-image-space-100 grve-image-expand-width\">\r\n\t<div class=\"grve-image-item\">\r\n\t\t\r\n\r\n<div class=\"grve-image-wrapper grve-no-effect\">\r\n\t\t<div class=\"grve-thumbnail-wrapper\"><div class=\"grve-thumbnail\"  style=\"padding-top: 66.797%;\"><img decoding=\"async\" width=\"768\" height=\"513\" src=\"https:\/\/utopiaresourcecenter.org\/wp-content\/uploads\/2023\/09\/Morrisania-and-Utopia-Family-Child-Care-Network-5-768x513.jpeg\" class=\"attachment-medium_large size-medium_large\" alt=\"\" data-column-space=\"100\" data-lazyload=\"\" data-grve-filter=\"yes\" srcset=\"https:\/\/utopiaresourcecenter.org\/wp-content\/uploads\/2023\/09\/Morrisania-and-Utopia-Family-Child-Care-Network-5-768x513.jpeg 768w, https:\/\/utopiaresourcecenter.org\/wp-content\/uploads\/2023\/09\/Morrisania-and-Utopia-Family-Child-Care-Network-5-300x200.jpeg 300w, https:\/\/utopiaresourcecenter.org\/wp-content\/uploads\/2023\/09\/Morrisania-and-Utopia-Family-Child-Care-Network-5-1024x684.jpeg 1024w, https:\/\/utopiaresourcecenter.org\/wp-content\/uploads\/2023\/09\/Morrisania-and-Utopia-Family-Child-Care-Network-5-1536x1026.jpeg 1536w, https:\/\/utopiaresourcecenter.org\/wp-content\/uploads\/2023\/09\/Morrisania-and-Utopia-Family-Child-Care-Network-5-1920x1282.jpeg 1920w\" sizes=\"(max-width: 768px) 100vw, 768px\" \/><\/div><\/div>\t<\/div>\r\n\t<\/div>\r\n<\/div>\r\n[\/vc_column][vc_column width=\u00bb1\/2&#8243; content_width=\u00bbcustom\u00bb horizontal_content_position=\u00bbcenter\u00bb vertical_content_position=\u00bbmiddle\u00bb rc_heading_color=\u00bbblack\u00bb custom_content_width=\u00bb470&#8243;]<h5 class=\"grve-element grve-title grve-align-inherit grve-h5\"><span>La colaboraci\u00f3n entre la red de guarder\u00edas Morrisania\/Utopia Family y el Departamento de Educaci\u00f3n es un testimonio de su compromiso compartido de mejorar el desarrollo de la primera infancia y las oportunidades educativas disponibles para las familias de la comunidad. Al proporcionar un entorno de cuidado infantil regulado y de apoyo, esta asociaci\u00f3n pretende dar a los ni\u00f1os una base s\u00f3lida para su \u00e9xito futuro.<\/span><\/h5>[\/vc_column][vc_column mobile_width=\u00bbhide\u00bb]<div class=\"grve-empty-space grve-height-1x\"><\/div>[\/vc_column][vc_column width=\u00bb1\/4&#8243;][\/vc_column][vc_column width=\u00bb1\/3&#8243;]<div data-clipping-color=\"primary-3\" data-animation=\"colored-clipping-left\" data-delay=\"0\" data-duration=\"normal\" class=\"grve-element grve-image grve-align-center grve-clipping-animation grve-advanced-animation grve-colored-clipping grve-animated-item grve-image-space-100 grve-image-expand-width\">\r\n\t<div class=\"grve-image-item\">\r\n\t\t\r\n\r\n<div class=\"grve-image-wrapper grve-no-effect\">\r\n\t\t<div class=\"grve-thumbnail-wrapper\"><div class=\"grve-thumbnail\"  style=\"padding-top: 133.393%;\"><img loading=\"lazy\" decoding=\"async\" width=\"560\" height=\"747\" src=\"https:\/\/utopiaresourcecenter.org\/wp-content\/uploads\/2023\/09\/teacher-UTOPIA-Resource-Center-Greater-NY-INC.jpg\" class=\"attachment-medium_large size-medium_large\" alt=\"\" data-column-space=\"100\" data-lazyload=\"\" data-grve-filter=\"yes\" srcset=\"https:\/\/utopiaresourcecenter.org\/wp-content\/uploads\/2023\/09\/teacher-UTOPIA-Resource-Center-Greater-NY-INC.jpg 560w, https:\/\/utopiaresourcecenter.org\/wp-content\/uploads\/2023\/09\/teacher-UTOPIA-Resource-Center-Greater-NY-INC-225x300.jpg 225w\" sizes=\"(max-width: 560px) 100vw, 560px\" \/><\/div><\/div>\t<\/div>\r\n\t<\/div>\r\n<\/div>\r\n[\/vc_column][vc_column width=\u00bb1\/4&#8243;]<div data-clipping-color=\"primary-5\" data-animation=\"colored-clipping-left\" data-delay=\"0\" data-duration=\"normal\" class=\"grve-element grve-image grve-align-center grve-clipping-animation grve-advanced-animation grve-colored-clipping grve-animated-item grve-image-space-100 grve-image-expand-width\">\r\n\t<div class=\"grve-image-item\">\r\n\t\t\r\n\r\n<div class=\"grve-image-wrapper grve-no-effect\">\r\n\t\t<div class=\"grve-thumbnail-wrapper\"><div class=\"grve-thumbnail\"  style=\"padding-top: 66.667%;\"><img loading=\"lazy\" decoding=\"async\" width=\"768\" height=\"512\" src=\"https:\/\/utopiaresourcecenter.org\/wp-content\/uploads\/2023\/09\/Morrisania-and-Utopia-Family-Child-Care-Network-4-768x512.jpeg\" class=\"attachment-medium_large size-medium_large\" alt=\"\" data-column-space=\"100\" data-lazyload=\"\" data-grve-filter=\"yes\" srcset=\"https:\/\/utopiaresourcecenter.org\/wp-content\/uploads\/2023\/09\/Morrisania-and-Utopia-Family-Child-Care-Network-4-768x512.jpeg 768w, https:\/\/utopiaresourcecenter.org\/wp-content\/uploads\/2023\/09\/Morrisania-and-Utopia-Family-Child-Care-Network-4-300x200.jpeg 300w, https:\/\/utopiaresourcecenter.org\/wp-content\/uploads\/2023\/09\/Morrisania-and-Utopia-Family-Child-Care-Network-4-1024x683.jpeg 1024w, https:\/\/utopiaresourcecenter.org\/wp-content\/uploads\/2023\/09\/Morrisania-and-Utopia-Family-Child-Care-Network-4-1536x1024.jpeg 1536w, https:\/\/utopiaresourcecenter.org\/wp-content\/uploads\/2023\/09\/Morrisania-and-Utopia-Family-Child-Care-Network-4-1920x1280.jpeg 1920w\" sizes=\"(max-width: 768px) 100vw, 768px\" \/><\/div><\/div>\t<\/div>\r\n\t<\/div>\r\n<\/div>\r\n[\/vc_column][vc_column width=\u00bb1\/6&#8243;][\/vc_column][\/vc_row][vc_row section_type=\u00bbfullwidth\u00bb height_ratio=\u00bb100&#8243; padding_top_multiplier=\u00bb\u00bb padding_bottom_multiplier=\u00bb\u00bb rc_heading_color=\u00bbwhite\u00bb rc_bg_type=\u00bbcolor\u00bb equal_column_height=\u00bbequal\u00bb scroll_header_skin=\u00bblight\u00bb rc_font_color=\u00bb#ffffff\u00bb rc_bg_color=\u00bbrgba(0,0,0,0.82)\u00bb][vc_column width=\u00bb1\/2&#8243; full_height=\u00bbyes\u00bb rc_bg_type=\u00bbimage\u00bb rc_bg_image=\u00bb939&#8243;]<div class=\"grve-empty-space grve-height-4x\"><\/div><div class=\"grve-empty-space grve-height-4x\"><\/div>[\/vc_column][vc_column width=\u00bb1\/2&#8243; content_width=\u00bb85&#8243; horizontal_content_position=\u00bbcenter\u00bb vertical_content_position=\u00bbmiddle\u00bb grve_css=\u00bb{\u00abdesktop\u00ab:{\u00abpadding-top\u00ab:\u00ab30\u00ab,\u00abpadding-right\u00ab:\u00ab30\u00ab,\u00abpadding-bottom\u00ab:\u00ab30\u00ab,\u00abpadding-left\u00ab:\u00ab30\u00ab,\u00abclass\u00ab:\u00abgrve-wpb-1695146234275\u00ab}}\u00bb]<div class=\"grve-empty-space grve-height-2x\"><\/div><h3 class=\"grve-element grve-title grve-align-inherit grve-subtitle-text grve-text-primary-3\" style=\"margin-bottom: 18px;\"><span>H\u00e1bitos saludables<\/span><\/h3><h3 class=\"grve-element grve-title grve-align-inherit grve-h3\"><span>Garantizar el acceso de ni\u00f1os y adultos a comidas y meriendas nutritivas<\/span><\/h3>[vc_column_text]Los proveedores de servicios de guarder\u00eda desempe\u00f1an un papel crucial en la promoci\u00f3n de h\u00e1bitos alimentarios saludables y en el suministro de comidas y meriendas nutritivas a los ni\u00f1os. La Red de Guarder\u00edas Familiares de MORRISANIA\/UTOP\u00cdA reconoce la importancia de una nutrici\u00f3n adecuada para el desarrollo y el bienestar general del ni\u00f1o. Por lo tanto, proporciona a los proveedores acceso a recursos y apoyo en materia de alimentaci\u00f3n y nutrici\u00f3n.<\/p>\n<p>La red colabora con el Child and Adult Care Food Program (CACFP) para ofrecer orientaci\u00f3n y recursos sobre la creaci\u00f3n de men\u00fas saludables que satisfagan las necesidades alimentarias de los ni\u00f1os. Los cuidadores de ni\u00f1os tambi\u00e9n pueden beneficiarse de talleres y cursos de formaci\u00f3n sobre la importancia de una dieta equilibrada. Tambi\u00e9n pueden aprender a incorporar opciones alimentarias nutritivas en sus men\u00fas.<\/p>\n<p>Adem\u00e1s, la Red de Guarder\u00edas Familiares de MORRISANIA\/UTOP\u00cdA pone en contacto a los proveedores con la Despensa de Alimentos del MRC para que tengan acceso gratuito a productos frescos y otros alimentos saludables para los ni\u00f1os. Esta ayuda garantiza que los ni\u00f1os reciban comidas y meriendas de alta calidad que favorezcan su desarrollo f\u00edsico y mental.[\/vc_column_text]<div class=\"grve-empty-space grve-height-2x\"><\/div>[\/vc_column][\/vc_row][vc_row height_ratio=\u00bb60&#8243; padding_top_multiplier=\u00bb3x\u00bb padding_bottom_multiplier=\u00bb3x\u00bb rc_heading_color=\u00bbwhite\u00bb rc_bg_type=\u00bbcolor\u00bb rc_font_color=\u00bb#ffffff\u00bb rc_bg_color=\u00bb#0e23f0&#8243;][vc_column width=\u00bb1\/4&#8243; vertical_content_position=\u00bbmiddle\u00bb]<div class=\"grve-element grve-counter grve-align-center\"><div class=\"grve-counter-content\"><div class=\"grve-counter-item grve-h2 grve-text-white\"><span data-thousands-separator-vis=\"\" data-thousands-separator=\",\" data-prefix=\"\" data-suffix=\"\" data-start-val=\"1\" data-end-val=\"65000\" data-decimal-points=\"0\" data-decimal-separator=\".\" >1<\/span><\/div><h5 class=\"grve-counter-title grve-link-text\">Miembros de la comunidad accedieron a Utop\u00eda<\/h5><\/div><\/div>[\/vc_column][vc_column width=\u00bb3\/4&#8243; vertical_content_position=\u00bbmiddle\u00bb]<h3 class=\"grve-element grve-title grve-align-inherit grve-h4\"><span>La red de guarder\u00edas Morrisania\/Utopia Family, en colaboraci\u00f3n con el Departamento de Educaci\u00f3n, ofrece a las familias una soluci\u00f3n excepcional para el cuidado de los ni\u00f1os.<\/span><\/h3>[vc_column_text text_style=\u00bbleader-text\u00bb]Al garantizar que los proveedores de servicios de guarder\u00eda est\u00e1n autorizados, cualificados y formados en diversos aspectos del desarrollo infantil, la seguridad y la nutrici\u00f3n, esta red crea un entorno seguro y enriquecedor para los ni\u00f1os. Se anima a los padres a que presenten sus solicitudes para aprovechar esta valiosa oportunidad de proporcionar a sus hijos cuidados de alta calidad en un entorno hogare\u00f1o enriquecedor.[\/vc_column_text]<div class=\"grve-empty-space grve-height-1x\"><\/div><div class=\"grve-element grve-align-inherit\"><a href=\"https:\/\/utopiaresourcecenter.org\/es\/donaciones\/\" title=\"Donaciones\" class=\"grve-btn grve-square grve-bg-primary-5 grve-border-primary-5 grve-bg-hover-primary-5 grve-border-hover-primary-5 grve-text-white grve-text-hover-white grve-btn-small grve-with-svg-icon-arrow-2\">\r\n\t\t<div class=\"grve-btn-inner\">\r\n\t\t<span>Donar ahora<\/span>\r\n\t\t\t\t\t\t\t<div class=\"grve-btn-svg-icon\">\r\n\t\t\t\t\t\t\t<svg width=\"40px\" height=\"16px\" viewBox=\"0 0 40 16\">\r\n\t\t\t\t\t<polygon class=\"grve-arrow-line\" points=\"0 7 38 7 38 9 0 9\"><\/polygon>\r\n\t\t\t\t\t<polygon class=\"grve-arrow-point\" points=\"31.3481912 0 40 8 31.3481912 16 30 14.5816219 37.1 8 30 1.41837809\"><\/polygon>\r\n\t\t\t\t<\/svg>\r\n\t\t\t\t\t\t\t\t<\/div>\r\n\t\t\t\t\t<\/div>\r\n\t<\/a><\/div>[\/vc_column][\/vc_row]<\/p>\n<\/section>","protected":false},"excerpt":{"rendered":"<p>[vc_row section_type=\u00bbfullwidth\u00bb padding_top_multiplier=\u00bb\u00bb padding_bottom_multiplier=\u00bb\u00bb scroll_header_skin=\u00bblight\u00bb][vc_column width=\u00bb1\/3&#8243; full_height=\u00bbyes\u00bb tablet_sm_width=\u00bb1-2&#8243;][vc_row_inner height_ratio=\u00bb100&#8243;][vc_column_inner rc_bg_type=\u00bbimage\u00bb rc_bg_image=\u00bb211&#8243; animation=\u00bbclipping\u00bb clipping_animation=\u00bbcolored-clipping-left\u00bb clipping_animation_colors=\u00bbprimary-4&#8243; grve_css=\u00bb{\u00abdesktop\u00ab:{\u00abpadding-top\u00ab:\u00ab75%\u00ab,\u00abclass\u00ab:\u00abgrve-wpb-1695311509709\u00ab}}\u00bb][\/vc_column_inner][vc_column_inner grve_css=\u00bb{\u00abdesktop\u00ab:{\u00abpadding-top\u00ab:\u00ab12%\u00ab,\u00abpadding-right\u00ab:\u00ab12%\u00ab,\u00abpadding-bottom\u00ab:\u00ab12%\u00ab,\u00abpadding-left\u00ab:\u00ab12%\u00ab,\u00abclass\u00ab:\u00abgrve-wpb-1695132302598\u00ab}}\u00bb][vc_column_text css=\u00bb.vc_custom_1697468959635{padding-bottom: 40px !important;}\u00bb]La red de guarder\u00edas Morrisania\/Utopia Family ha establecido una valiosa colaboraci\u00f3n con [&hellip;]<\/p>\n","protected":false},"author":1,"featured_media":0,"parent":0,"menu_order":0,"comment_status":"closed","ping_status":"closed","template":"","meta":{"footnotes":""},"class_list":["post-555","page","type-page","status-publish","hentry","grve-entry-item"],"_links":{"self":[{"href":"https:\/\/utopiaresourcecenter.org\/es\/wp-json\/wp\/v2\/pages\/555","targetHints":{"allow":["GET"]}}],"collection":[{"href":"https:\/\/utopiaresourcecenter.org\/es\/wp-json\/wp\/v2\/pages"}],"about":[{"href":"https:\/\/utopiaresourcecenter.org\/es\/wp-json\/wp\/v2\/types\/page"}],"author":[{"embeddable":true,"href":"https:\/\/utopiaresourcecenter.org\/es\/wp-json\/wp\/v2\/users\/1"}],"replies":[{"embeddable":true,"href":"https:\/\/utopiaresourcecenter.org\/es\/wp-json\/wp\/v2\/comments?post=555"}],"version-history":[{"count":54,"href":"https:\/\/utopiaresourcecenter.org\/es\/wp-json\/wp\/v2\/pages\/555\/revisions"}],"predecessor-version":[{"id":974,"href":"https:\/\/utopiaresourcecenter.org\/es\/wp-json\/wp\/v2\/pages\/555\/revisions\/974"}],"wp:attachment":[{"href":"https:\/\/utopiaresourcecenter.org\/es\/wp-json\/wp\/v2\/media?parent=555"}],"curies":[{"name":"wp","href":"https:\/\/api.w.org\/{rel}","templated":true}]}}