{"id":520,"date":"2023-10-05T13:24:55","date_gmt":"2023-10-05T17:24:55","guid":{"rendered":"https:\/\/utopiaresourcecenter.org\/blog\/"},"modified":"2023-10-16T11:51:05","modified_gmt":"2023-10-16T15:51:05","slug":"blog","status":"publish","type":"page","link":"https:\/\/utopiaresourcecenter.org\/es\/blog\/","title":{"rendered":"Blog"},"content":{"rendered":"<section class=\"wpb-content-wrapper\"><p>[vc_row padding_top_multiplier=\u00bb3x\u00bb padding_bottom_multiplier=\u00bb3x\u00bb rc_bg_type=\u00bbcolor\u00bb rc_bg_color=\u00bb#f5f5f5&#8243;][vc_column][vc_row_inner][vc_column_inner width=\u00bb1\/6&#8243;][\/vc_column_inner][vc_column_inner width=\u00bb2\/3&#8243;]<h4 class=\"grve-element grve-title grve-align-center grve-h4\"><span>T\u00f3mese un momento para leer nuestro blog&#8230;<\/span><\/h4><div class=\"grve-empty-space grve-height-2x\"><\/div>[vc_wp_search]<div class=\"grve-empty-space grve-height-2x\"><\/div><div data-display-style=\"pagination\" data-spinner=\"no\" class=\"grve-element grve-blog grve-blog-large grve-non-isotope grve-with-gap\" id=\"el-1695140759264-c0be5c29-babc\">\r\n\t<div class=\"grve-standard-container\">\r\n\r\n\t<article class=\"post-1624 post type-post status-publish format-standard has-post-thumbnail hentry category-blog-es grve-entry-item grve-blog-item\" itemscope itemType=\"http:\/\/schema.org\/BlogPosting\">\r\n\t\t<div class=\"grve-blog-big-item-inner\">\r\n\t\t\t<div class=\"grve-post-item grve-style-large\">\r\n\t<div class=\"grve-post-item-inner\">\r\n\t\t\t\t<div class=\"grve-post-media grve-media-normal grve-radius-5 grve-shadow-medium\">\r\n\t\t\t\t\t\t<a class=\"grve-item-url\" href=\"https:\/\/utopiaresourcecenter.org\/es\/restaurar-la-esperanza-en-bath-mountain-una-llamada-a-la-compasion-despues-de-la-tormenta\/\" rel=\"bookmark\"><span class=\"screen-reader-text\">Restaurar la Esperanza en Bath Mountain: Una llamada a la compasi\u00f3n despu\u00e9s de la tormenta<\/span><\/a>\r\n\t\t\t<div class=\"grve-thumbnail-wrapper\"  style=\"width: 720px;\"><div class=\"grve-thumbnail\"  style=\"padding-top: 56.25%;\"><img fetchpriority=\"high\" decoding=\"async\" width=\"720\" height=\"405\" src=\"https:\/\/utopiaresourcecenter.org\/wp-content\/uploads\/2025\/11\/96675267_1763403334258562_r.webp\" class=\"attachment-impeka-grve-large-rect-horizontal size-impeka-grve-large-rect-horizontal wp-post-image\" alt=\"\" data-column-space=\"auto\" data-lazyload=\"\" data-grve-filter=\"yes\" srcset=\"https:\/\/utopiaresourcecenter.org\/wp-content\/uploads\/2025\/11\/96675267_1763403334258562_r.webp 720w, https:\/\/utopiaresourcecenter.org\/wp-content\/uploads\/2025\/11\/96675267_1763403334258562_r-300x169.webp 300w\" sizes=\"(max-width: 720px) 100vw, 720px\" \/><\/div><\/div>\t\t<\/div>\r\n\t\t\t\t<div class=\"grve-post-content\" itemprop=\"articleBody\">\r\n\t\t\t<a href=\"https:\/\/utopiaresourcecenter.org\/es\/restaurar-la-esperanza-en-bath-mountain-una-llamada-a-la-compasion-despues-de-la-tormenta\/\" rel=\"bookmark\"><h4 class=\"grve-post-title grve-h5\" itemprop=\"headline\"><span>Restaurar la Esperanza en Bath Mountain: Una llamada a la compasi\u00f3n despu\u00e9s de la tormenta<\/span><\/h4><\/a>\t\t\t\t<div class=\"grve-post-meta grve-style-1 grve-text-default grve-svg-default\">\r\n\t\t\t\t\t\t<div class=\"grve-post-date grve-small-text\"><span>\t\t\t<time datetime=\"2025-11-21T18:35:32-05:00\">\r\n\t\t\t\t21 de noviembre de 2025\t\t\t<\/time>\r\n\t\t\t<\/span><\/div>\r\n\t\t\t\t\t\t\t<\/div>\r\n\t\t\t<p>Surge otra fuerza Para Ivy Brown, Bath Mountain no es s\u00f3lo un titular de prensa o una chincheta en un mapa; es la tierra que la cri\u00f3. Aunque ha construido una vida y una carrera en el Bronx durante los \u00faltimos 25 a\u00f1os, su coraz\u00f3n nunca ha abandonado las colinas de Westmoreland. Como directora general&hellip;<\/p><a class=\"grve-read-more grve-link-text\" href=\"https:\/\/utopiaresourcecenter.org\/es\/restaurar-la-esperanza-en-bath-mountain-una-llamada-a-la-compasion-despues-de-la-tormenta\/\"><span>Seguir leyendo<\/span>\t\t\t\t<svg width=\"40px\" height=\"16px\" viewBox=\"0 0 40 16\">\r\n\t\t\t\t\t<polygon class=\"grve-arrow-line\" points=\"0 7 38 7 38 9 0 9\"><\/polygon>\r\n\t\t\t\t\t<polygon class=\"grve-arrow-point\" points=\"31.3481912 0 40 8 31.3481912 16 30 14.5816219 37.1 8 30 1.41837809\"><\/polygon>\r\n\t\t\t\t<\/svg>\r\n\t\t\t<\/a>\t\t\t\t\t<\/div>\r\n\t<\/div>\r\n\t\t\t<span class=\"grve-hidden\">\r\n\t\t\t<span class=\"grve-structured-data\" itemprop=\"image\" itemscope itemtype=\"http:\/\/schema.org\/ImageObject\">\r\n\t\t\t   <span itemprop='url' >https:\/\/utopiaresourcecenter.org\/wp-content\/uploads\/2025\/11\/96675267_1763403334258562_r.webp<\/span>\r\n\t\t\t   <span itemprop='height' >720<\/span>\r\n\t\t\t   <span itemprop='width' >405<\/span>\r\n\t\t\t<\/span>\r\n\t\t\t\t\t\t<span class=\"grve-structured-data\" itemprop=\"author\" itemscope itemtype=\"http:\/\/schema.org\/Person\">\r\n\t\t\t\t<span itemprop=\"name\">Utopia Resource Center<\/span>\r\n\t\t\t<\/span>\r\n\t\t\t<span class=\"grve-structured-data\" itemprop=\"publisher\" itemscope itemtype=\"http:\/\/schema.org\/Organization\">\r\n\t\t\t\t<span itemprop='name'>Utopia Resource Center<\/span>\r\n\t\t\t\t<span itemprop='logo' itemscope itemtype='http:\/\/schema.org\/ImageObject'>\r\n\t\t\t\t\t<span itemprop='url'>https:\/\/utopiaresourcecenter.org\/wp-content\/uploads\/2025\/11\/96675267_1763403334258562_r.webp<\/span>\r\n\t\t\t\t<\/span>\r\n\t\t\t<\/span>\r\n\t\t\t\t\t\t<time class=\"grve-structured-data\" itemprop=\"datePublished\" datetime=\"2025-11-21T18:35:32-05:00\">21 de noviembre de 2025<\/time>\r\n\t\t\t<time class=\"grve-structured-data\" itemprop=\"dateModified\"  datetime=\"2025-11-21T18:46:32-05:00\">21 de noviembre de 2025<\/time>\r\n\t\t\t<span class=\"grve-structured-data\" itemprop=\"mainEntityOfPage\" itemscope itemtype=\"http:\/\/schema.org\/WebPage\" itemid=\"https:\/\/utopiaresourcecenter.org\/es\/restaurar-la-esperanza-en-bath-mountain-una-llamada-a-la-compasion-despues-de-la-tormenta\/\"><\/span>\r\n\t\t<\/span>\r\n\t<\/div>\r\n\t\t<\/div>\r\n\t<\/article>\r\n\t\r\n\t<article class=\"post-552 post type-post status-publish format-standard has-post-thumbnail hentry category-blog-es grve-entry-item grve-blog-item\" itemscope itemType=\"http:\/\/schema.org\/BlogPosting\">\r\n\t\t<div class=\"grve-blog-big-item-inner\">\r\n\t\t\t<div class=\"grve-post-item grve-style-large\">\r\n\t<div class=\"grve-post-item-inner\">\r\n\t\t\t\t<div class=\"grve-post-media grve-media-normal grve-radius-5 grve-shadow-medium\">\r\n\t\t\t\t\t\t<a class=\"grve-item-url\" href=\"https:\/\/utopiaresourcecenter.org\/es\/efectos-de-la-intervencion-en-la-primera-infancia-durante-la-pandemia-de-covid\/\" rel=\"bookmark\"><span class=\"screen-reader-text\">Efectos de la intervenci\u00f3n en la primera infancia durante la pandemia de COVID<\/span><\/a>\r\n\t\t\t<div class=\"grve-thumbnail-wrapper\"  style=\"width: 1390px;\"><div class=\"grve-thumbnail\"  style=\"padding-top: 56.259%;\"><img decoding=\"async\" width=\"1390\" height=\"782\" src=\"https:\/\/utopiaresourcecenter.org\/wp-content\/uploads\/2023\/10\/Effects-of-Early-Childhood-Intervention-During-COVID-Pandemic--1390x782.jpeg\" class=\"attachment-impeka-grve-large-rect-horizontal size-impeka-grve-large-rect-horizontal wp-post-image\" alt=\"\" data-column-space=\"auto\" data-lazyload=\"\" data-grve-filter=\"yes\" \/><\/div><\/div>\t\t<\/div>\r\n\t\t\t\t<div class=\"grve-post-content\" itemprop=\"articleBody\">\r\n\t\t\t<a href=\"https:\/\/utopiaresourcecenter.org\/es\/efectos-de-la-intervencion-en-la-primera-infancia-durante-la-pandemia-de-covid\/\" rel=\"bookmark\"><h4 class=\"grve-post-title grve-h5\" itemprop=\"headline\"><span>Efectos de la intervenci\u00f3n en la primera infancia durante la pandemia de COVID<\/span><\/h4><\/a>\t\t\t\t<div class=\"grve-post-meta grve-style-1 grve-text-default grve-svg-default\">\r\n\t\t\t\t\t\t<div class=\"grve-post-date grve-small-text\"><span>\t\t\t<time datetime=\"2023-10-05T13:14:19-04:00\">\r\n\t\t\t\t5 de octubre de 2023\t\t\t<\/time>\r\n\t\t\t<\/span><\/div>\r\n\t\t\t\t\t\t\t<\/div>\r\n\t\t\t<p>La intervenci\u00f3n temprana es un aspecto crucial para garantizar el desarrollo y el \u00e9xito de los ni\u00f1os en sus primeros a\u00f1os de vida. Su objetivo es proporcionar apoyo y servicios a los ni\u00f1os y sus familias que puedan enfrentarse a retos como retrasos en el desarrollo o discapacidades. Sin embargo, la pandemia de COVID-19 ha&hellip;<\/p><a class=\"grve-read-more grve-link-text\" href=\"https:\/\/utopiaresourcecenter.org\/es\/efectos-de-la-intervencion-en-la-primera-infancia-durante-la-pandemia-de-covid\/\"><span>Seguir leyendo<\/span>\t\t\t\t<svg width=\"40px\" height=\"16px\" viewBox=\"0 0 40 16\">\r\n\t\t\t\t\t<polygon class=\"grve-arrow-line\" points=\"0 7 38 7 38 9 0 9\"><\/polygon>\r\n\t\t\t\t\t<polygon class=\"grve-arrow-point\" points=\"31.3481912 0 40 8 31.3481912 16 30 14.5816219 37.1 8 30 1.41837809\"><\/polygon>\r\n\t\t\t\t<\/svg>\r\n\t\t\t<\/a>\t\t\t\t\t<\/div>\r\n\t<\/div>\r\n\t\t\t<span class=\"grve-hidden\">\r\n\t\t\t<span class=\"grve-structured-data\" itemprop=\"image\" itemscope itemtype=\"http:\/\/schema.org\/ImageObject\">\r\n\t\t\t   <span itemprop='url' >https:\/\/utopiaresourcecenter.org\/wp-content\/uploads\/2023\/10\/Effects-of-Early-Childhood-Intervention-During-COVID-Pandemic--scaled.jpeg<\/span>\r\n\t\t\t   <span itemprop='height' >2560<\/span>\r\n\t\t\t   <span itemprop='width' >1708<\/span>\r\n\t\t\t<\/span>\r\n\t\t\t\t\t\t<span class=\"grve-structured-data\" itemprop=\"author\" itemscope itemtype=\"http:\/\/schema.org\/Person\">\r\n\t\t\t\t<span itemprop=\"name\">Utopia Resource Center<\/span>\r\n\t\t\t<\/span>\r\n\t\t\t<span class=\"grve-structured-data\" itemprop=\"publisher\" itemscope itemtype=\"http:\/\/schema.org\/Organization\">\r\n\t\t\t\t<span itemprop='name'>Utopia Resource Center<\/span>\r\n\t\t\t\t<span itemprop='logo' itemscope itemtype='http:\/\/schema.org\/ImageObject'>\r\n\t\t\t\t\t<span itemprop='url'>https:\/\/utopiaresourcecenter.org\/wp-content\/uploads\/2023\/10\/Effects-of-Early-Childhood-Intervention-During-COVID-Pandemic--scaled.jpeg<\/span>\r\n\t\t\t\t<\/span>\r\n\t\t\t<\/span>\r\n\t\t\t\t\t\t<time class=\"grve-structured-data\" itemprop=\"datePublished\" datetime=\"2023-10-05T13:14:19-04:00\">5 de octubre de 2023<\/time>\r\n\t\t\t<time class=\"grve-structured-data\" itemprop=\"dateModified\"  datetime=\"2023-10-12T16:59:55-04:00\">12 de octubre de 2023<\/time>\r\n\t\t\t<span class=\"grve-structured-data\" itemprop=\"mainEntityOfPage\" itemscope itemtype=\"http:\/\/schema.org\/WebPage\" itemid=\"https:\/\/utopiaresourcecenter.org\/es\/efectos-de-la-intervencion-en-la-primera-infancia-durante-la-pandemia-de-covid\/\"><\/span>\r\n\t\t<\/span>\r\n\t<\/div>\r\n\t\t<\/div>\r\n\t<\/article>\r\n\t\r\n\t<article class=\"post-508 post type-post status-publish format-standard has-post-thumbnail hentry category-blog-es grve-entry-item grve-blog-item\" itemscope itemType=\"http:\/\/schema.org\/BlogPosting\">\r\n\t\t<div class=\"grve-blog-big-item-inner\">\r\n\t\t\t<div class=\"grve-post-item grve-style-large\">\r\n\t<div class=\"grve-post-item-inner\">\r\n\t\t\t\t<div class=\"grve-post-media grve-media-normal grve-radius-5 grve-shadow-medium\">\r\n\t\t\t\t\t\t<a class=\"grve-item-url\" href=\"https:\/\/utopiaresourcecenter.org\/es\/por-que-los-padres-niegan-que-su-hijo-necesite-ayuda-de-intervencion-temprana-y-deben-actuar-pronto\/\" rel=\"bookmark\"><span class=\"screen-reader-text\">Por qu\u00e9 los padres niegan que su hijo necesite ayuda de intervenci\u00f3n temprana y deben actuar pronto<\/span><\/a>\r\n\t\t\t<div class=\"grve-thumbnail-wrapper\"  style=\"width: 1390px;\"><div class=\"grve-thumbnail\"  style=\"padding-top: 56.259%;\"><img decoding=\"async\" width=\"1390\" height=\"782\" src=\"https:\/\/utopiaresourcecenter.org\/wp-content\/uploads\/2023\/09\/our-partners-UTOPIA-Resource-Center-Greater-NY-INC.-2-1390x782.jpeg\" class=\"attachment-impeka-grve-large-rect-horizontal size-impeka-grve-large-rect-horizontal wp-post-image\" alt=\"\" data-column-space=\"auto\" data-lazyload=\"\" data-grve-filter=\"yes\" \/><\/div><\/div>\t\t<\/div>\r\n\t\t\t\t<div class=\"grve-post-content\" itemprop=\"articleBody\">\r\n\t\t\t<a href=\"https:\/\/utopiaresourcecenter.org\/es\/por-que-los-padres-niegan-que-su-hijo-necesite-ayuda-de-intervencion-temprana-y-deben-actuar-pronto\/\" rel=\"bookmark\"><h4 class=\"grve-post-title grve-h5\" itemprop=\"headline\"><span>Por qu\u00e9 los padres niegan que su hijo necesite ayuda de intervenci\u00f3n temprana y deben actuar pronto<\/span><\/h4><\/a>\t\t\t\t<div class=\"grve-post-meta grve-style-1 grve-text-default grve-svg-default\">\r\n\t\t\t\t\t\t<div class=\"grve-post-date grve-small-text\"><span>\t\t\t<time datetime=\"2023-10-04T11:37:51-04:00\">\r\n\t\t\t\t4 de octubre de 2023\t\t\t<\/time>\r\n\t\t\t<\/span><\/div>\r\n\t\t\t\t\t\t\t<\/div>\r\n\t\t\t<p>Como padre, es natural querer lo mejor para su hijo. Quieres protegerlos y darles todas las oportunidades para prosperar. Sin embargo, a veces los padres pueden encontrarse en situaciones en las que su hijo necesite servicios de intervenci\u00f3n temprana. Esta puede ser una decisi\u00f3n dif\u00edcil y compleja, y muchos padres pueden negarse a reconocer la&hellip;<\/p><a class=\"grve-read-more grve-link-text\" href=\"https:\/\/utopiaresourcecenter.org\/es\/por-que-los-padres-niegan-que-su-hijo-necesite-ayuda-de-intervencion-temprana-y-deben-actuar-pronto\/\"><span>Seguir leyendo<\/span>\t\t\t\t<svg width=\"40px\" height=\"16px\" viewBox=\"0 0 40 16\">\r\n\t\t\t\t\t<polygon class=\"grve-arrow-line\" points=\"0 7 38 7 38 9 0 9\"><\/polygon>\r\n\t\t\t\t\t<polygon class=\"grve-arrow-point\" points=\"31.3481912 0 40 8 31.3481912 16 30 14.5816219 37.1 8 30 1.41837809\"><\/polygon>\r\n\t\t\t\t<\/svg>\r\n\t\t\t<\/a>\t\t\t\t\t<\/div>\r\n\t<\/div>\r\n\t\t\t<span class=\"grve-hidden\">\r\n\t\t\t<span class=\"grve-structured-data\" itemprop=\"image\" itemscope itemtype=\"http:\/\/schema.org\/ImageObject\">\r\n\t\t\t   <span itemprop='url' >https:\/\/utopiaresourcecenter.org\/wp-content\/uploads\/2023\/09\/our-partners-UTOPIA-Resource-Center-Greater-NY-INC.-2.jpeg<\/span>\r\n\t\t\t   <span itemprop='height' >1920<\/span>\r\n\t\t\t   <span itemprop='width' >1280<\/span>\r\n\t\t\t<\/span>\r\n\t\t\t\t\t\t<span class=\"grve-structured-data\" itemprop=\"author\" itemscope itemtype=\"http:\/\/schema.org\/Person\">\r\n\t\t\t\t<span itemprop=\"name\">Utopia Resource Center<\/span>\r\n\t\t\t<\/span>\r\n\t\t\t<span class=\"grve-structured-data\" itemprop=\"publisher\" itemscope itemtype=\"http:\/\/schema.org\/Organization\">\r\n\t\t\t\t<span itemprop='name'>Utopia Resource Center<\/span>\r\n\t\t\t\t<span itemprop='logo' itemscope itemtype='http:\/\/schema.org\/ImageObject'>\r\n\t\t\t\t\t<span itemprop='url'>https:\/\/utopiaresourcecenter.org\/wp-content\/uploads\/2023\/09\/our-partners-UTOPIA-Resource-Center-Greater-NY-INC.-2.jpeg<\/span>\r\n\t\t\t\t<\/span>\r\n\t\t\t<\/span>\r\n\t\t\t\t\t\t<time class=\"grve-structured-data\" itemprop=\"datePublished\" datetime=\"2023-10-04T11:37:51-04:00\">4 de octubre de 2023<\/time>\r\n\t\t\t<time class=\"grve-structured-data\" itemprop=\"dateModified\"  datetime=\"2023-10-04T11:37:51-04:00\">4 de octubre de 2023<\/time>\r\n\t\t\t<span class=\"grve-structured-data\" itemprop=\"mainEntityOfPage\" itemscope itemtype=\"http:\/\/schema.org\/WebPage\" itemid=\"https:\/\/utopiaresourcecenter.org\/es\/por-que-los-padres-niegan-que-su-hijo-necesite-ayuda-de-intervencion-temprana-y-deben-actuar-pronto\/\"><\/span>\r\n\t\t<\/span>\r\n\t<\/div>\r\n\t\t<\/div>\r\n\t<\/article>\r\n\t\r\n\t<article class=\"post-527 post type-post status-publish format-standard has-post-thumbnail hentry category-blog-es grve-entry-item grve-blog-item\" itemscope itemType=\"http:\/\/schema.org\/BlogPosting\">\r\n\t\t<div class=\"grve-blog-big-item-inner\">\r\n\t\t\t<div class=\"grve-post-item grve-style-large\">\r\n\t<div class=\"grve-post-item-inner\">\r\n\t\t\t\t<div class=\"grve-post-media grve-media-normal grve-radius-5 grve-shadow-medium\">\r\n\t\t\t\t\t\t<a class=\"grve-item-url\" href=\"https:\/\/utopiaresourcecenter.org\/es\/repercusiones-de-la-falta-de-seguro-en-la-intervencion-precoz\/\" rel=\"bookmark\"><span class=\"screen-reader-text\">Repercusiones de la falta de seguro en la intervenci\u00f3n precoz<\/span><\/a>\r\n\t\t\t<div class=\"grve-thumbnail-wrapper\"  style=\"width: 1280px;\"><div class=\"grve-thumbnail\"  style=\"padding-top: 61.094%;\"><img loading=\"lazy\" decoding=\"async\" width=\"1280\" height=\"782\" src=\"https:\/\/utopiaresourcecenter.org\/wp-content\/uploads\/2023\/10\/pexels-tuan-pm-18442463-1280x782.jpeg\" class=\"attachment-impeka-grve-large-rect-horizontal size-impeka-grve-large-rect-horizontal wp-post-image\" alt=\"\" data-column-space=\"auto\" data-lazyload=\"\" data-grve-filter=\"yes\" \/><\/div><\/div>\t\t<\/div>\r\n\t\t\t\t<div class=\"grve-post-content\" itemprop=\"articleBody\">\r\n\t\t\t<a href=\"https:\/\/utopiaresourcecenter.org\/es\/repercusiones-de-la-falta-de-seguro-en-la-intervencion-precoz\/\" rel=\"bookmark\"><h4 class=\"grve-post-title grve-h5\" itemprop=\"headline\"><span>Repercusiones de la falta de seguro en la intervenci\u00f3n precoz<\/span><\/h4><\/a>\t\t\t\t<div class=\"grve-post-meta grve-style-1 grve-text-default grve-svg-default\">\r\n\t\t\t\t\t\t<div class=\"grve-post-date grve-small-text\"><span>\t\t\t<time datetime=\"2023-10-01T13:16:31-04:00\">\r\n\t\t\t\t1 de octubre de 2023\t\t\t<\/time>\r\n\t\t\t<\/span><\/div>\r\n\t\t\t\t\t\t\t<\/div>\r\n\t\t\t<p>La intervenci\u00f3n temprana en la infancia (ECI) es un servicio vital cuyo objetivo es proporcionar apoyo a los ni\u00f1os desde el nacimiento hasta los 3 a\u00f1os que presentan retrasos o discapacidades en su desarrollo. Proporciona terapias, servicios e intervenciones especializadas para ayudar a los ni\u00f1os a alcanzar su pleno potencial de desarrollo. Sin embargo, la&hellip;<\/p><a class=\"grve-read-more grve-link-text\" href=\"https:\/\/utopiaresourcecenter.org\/es\/repercusiones-de-la-falta-de-seguro-en-la-intervencion-precoz\/\"><span>Seguir leyendo<\/span>\t\t\t\t<svg width=\"40px\" height=\"16px\" viewBox=\"0 0 40 16\">\r\n\t\t\t\t\t<polygon class=\"grve-arrow-line\" points=\"0 7 38 7 38 9 0 9\"><\/polygon>\r\n\t\t\t\t\t<polygon class=\"grve-arrow-point\" points=\"31.3481912 0 40 8 31.3481912 16 30 14.5816219 37.1 8 30 1.41837809\"><\/polygon>\r\n\t\t\t\t<\/svg>\r\n\t\t\t<\/a>\t\t\t\t\t<\/div>\r\n\t<\/div>\r\n\t\t\t<span class=\"grve-hidden\">\r\n\t\t\t<span class=\"grve-structured-data\" itemprop=\"image\" itemscope itemtype=\"http:\/\/schema.org\/ImageObject\">\r\n\t\t\t   <span itemprop='url' >https:\/\/utopiaresourcecenter.org\/wp-content\/uploads\/2023\/10\/pexels-tuan-pm-18442463.jpeg<\/span>\r\n\t\t\t   <span itemprop='height' >1280<\/span>\r\n\t\t\t   <span itemprop='width' >1920<\/span>\r\n\t\t\t<\/span>\r\n\t\t\t\t\t\t<span class=\"grve-structured-data\" itemprop=\"author\" itemscope itemtype=\"http:\/\/schema.org\/Person\">\r\n\t\t\t\t<span itemprop=\"name\">Utopia Resource Center<\/span>\r\n\t\t\t<\/span>\r\n\t\t\t<span class=\"grve-structured-data\" itemprop=\"publisher\" itemscope itemtype=\"http:\/\/schema.org\/Organization\">\r\n\t\t\t\t<span itemprop='name'>Utopia Resource Center<\/span>\r\n\t\t\t\t<span itemprop='logo' itemscope itemtype='http:\/\/schema.org\/ImageObject'>\r\n\t\t\t\t\t<span itemprop='url'>https:\/\/utopiaresourcecenter.org\/wp-content\/uploads\/2023\/10\/pexels-tuan-pm-18442463.jpeg<\/span>\r\n\t\t\t\t<\/span>\r\n\t\t\t<\/span>\r\n\t\t\t\t\t\t<time class=\"grve-structured-data\" itemprop=\"datePublished\" datetime=\"2023-10-01T13:16:31-04:00\">1 de octubre de 2023<\/time>\r\n\t\t\t<time class=\"grve-structured-data\" itemprop=\"dateModified\"  datetime=\"2023-10-01T13:16:31-04:00\">1 de octubre de 2023<\/time>\r\n\t\t\t<span class=\"grve-structured-data\" itemprop=\"mainEntityOfPage\" itemscope itemtype=\"http:\/\/schema.org\/WebPage\" itemid=\"https:\/\/utopiaresourcecenter.org\/es\/repercusiones-de-la-falta-de-seguro-en-la-intervencion-precoz\/\"><\/span>\r\n\t\t<\/span>\r\n\t<\/div>\r\n\t\t<\/div>\r\n\t<\/article>\r\n\t\t<\/div>\r\n<\/div>\r\n[\/vc_column_inner][vc_column_inner width=\u00bb1\/6&#8243;][\/vc_column_inner][\/vc_row_inner][\/vc_column][\/vc_row]<\/p>\n<\/section>","protected":false},"excerpt":{"rendered":"<p>[vc_row padding_top_multiplier=\u00bb3x\u00bb padding_bottom_multiplier=\u00bb3x\u00bb rc_bg_type=\u00bbcolor\u00bb rc_bg_color=\u00bb#f5f5f5&#8243;][vc_column][vc_row_inner][vc_column_inner width=\u00bb1\/6&#8243;][\/vc_column_inner][vc_column_inner width=\u00bb2\/3&#8243;][vc_wp_search][\/vc_column_inner][vc_column_inner width=\u00bb1\/6&#8243;][\/vc_column_inner][\/vc_row_inner][\/vc_column][\/vc_row]<\/p>\n","protected":false},"author":1,"featured_media":0,"parent":0,"menu_order":0,"comment_status":"closed","ping_status":"closed","template":"","meta":{"footnotes":""},"class_list":["post-520","page","type-page","status-publish","hentry","grve-entry-item"],"_links":{"self":[{"href":"https:\/\/utopiaresourcecenter.org\/es\/wp-json\/wp\/v2\/pages\/520","targetHints":{"allow":["GET"]}}],"collection":[{"href":"https:\/\/utopiaresourcecenter.org\/es\/wp-json\/wp\/v2\/pages"}],"about":[{"href":"https:\/\/utopiaresourcecenter.org\/es\/wp-json\/wp\/v2\/types\/page"}],"author":[{"embeddable":true,"href":"https:\/\/utopiaresourcecenter.org\/es\/wp-json\/wp\/v2\/users\/1"}],"replies":[{"embeddable":true,"href":"https:\/\/utopiaresourcecenter.org\/es\/wp-json\/wp\/v2\/comments?post=520"}],"version-history":[{"count":23,"href":"https:\/\/utopiaresourcecenter.org\/es\/wp-json\/wp\/v2\/pages\/520\/revisions"}],"predecessor-version":[{"id":1064,"href":"https:\/\/utopiaresourcecenter.org\/es\/wp-json\/wp\/v2\/pages\/520\/revisions\/1064"}],"wp:attachment":[{"href":"https:\/\/utopiaresourcecenter.org\/es\/wp-json\/wp\/v2\/media?parent=520"}],"curies":[{"name":"wp","href":"https:\/\/api.w.org\/{rel}","templated":true}]}}